{"id":9897,"date":"2025-10-10T15:26:28","date_gmt":"2025-10-10T15:26:28","guid":{"rendered":"https:\/\/nickyakademi.com.tr\/product\/%d0%b4%d0%bd%d0%b5%d0%b2%d0%bd%d0%b8%d0%ba-%d0%bc%d0%b0%d0%bc%d1%8b-%d0%b4%d0%bd%d0%b5%d0%b2%d0%bd%d0%b8%d0%ba-%d1%83%d1%81%d0%bf%d0%b5%d1%85%d0%be%d0%b2-%d0%bd%d0%b0%d1%88%d0%b5%d0%b3%d0%be\/"},"modified":"2025-10-10T15:26:28","modified_gmt":"2025-10-10T15:26:28","slug":"%d0%b4%d0%bd%d0%b5%d0%b2%d0%bd%d0%b8%d0%ba-%d0%bc%d0%b0%d0%bc%d1%8b-%d0%b4%d0%bd%d0%b5%d0%b2%d0%bd%d0%b8%d0%ba-%d1%83%d1%81%d0%bf%d0%b5%d1%85%d0%be%d0%b2-%d0%bd%d0%b0%d1%88%d0%b5%d0%b3%d0%be","status":"publish","type":"product","link":"https:\/\/nickyakademi.com.tr\/tr\/urun\/%d0%b4%d0%bd%d0%b5%d0%b2%d0%bd%d0%b8%d0%ba-%d0%bc%d0%b0%d0%bc%d1%8b-%d0%b4%d0%bd%d0%b5%d0%b2%d0%bd%d0%b8%d0%ba-%d1%83%d1%81%d0%bf%d0%b5%d1%85%d0%be%d0%b2-%d0%bd%d0%b0%d1%88%d0%b5%d0%b3%d0%be\/","title":{"rendered":"\u0414\u043d\u0435\u0432\u043d\u0438\u043a \u041c\u0430\u043c\u044b \u2013 \u0414\u043d\u0435\u0432\u043d\u0438\u043a \u0443\u0441\u043f\u0435\u0445\u043e\u0432 \u043d\u0430\u0448\u0435\u0433\u043e \u041c\u0430\u043b\u044b\u0448\u0430 (Annenin g\u00fcnl\u00fc\u011f\u00fc &#8211; Bebe\u011fimin ba\u015far\u0131 g\u00fcnl\u00fc\u011f\u00fc)"},"content":{"rendered":"<p>Annenin g\u00fcnl\u00fc\u011f\u00fc &#8211; bebe\u011finizin hayat\u0131n\u0131n ilk 5 y\u0131l\u0131n\u0131n paha bi\u00e7ilmez bir kroni\u011fi<br \/>\nAnnenin g\u00fcnl\u00fc\u011f\u00fc &#8211; anneli\u011fin en dokunakl\u0131 anlar\u0131n\u0131 saklay\u0131n<\/p>\n<p>A\u00e7\u0131klama:<br \/>\n92 sayfal\u0131k bu narin pembe ve mavi g\u00fcnl\u00fck, anneli\u011fin en dokunakl\u0131 anlar\u0131n\u0131n g\u00fcvenilir saklay\u0131c\u0131s\u0131 olacak.<\/p>\n<p>G\u00fcnl\u00fc\u011f\u00fcm\u00fcz\u00fc \u00f6zel k\u0131lan \u015fey:<br \/>\nA\u00e7\u0131klama:<br \/>\nBir annenin g\u00fcnl\u00fc\u011f\u00fc, bebe\u011finizin b\u00fcy\u00fcme ve geli\u015fiminin e\u015fsiz bir tarih\u00e7esidir.<br \/>\nG\u00fczel, kullan\u0131\u015fl\u0131 ve \u00f6zenle tasarlanm\u0131\u015f bu kitap size yard\u0131mc\u0131 olacakt\u0131r:<br \/>\n&#8211; Bebe\u011finizin geli\u015fimindeki \u00f6nemli kilometre ta\u015flar\u0131n\u0131 yakalay\u0131n<br \/>\n&#8211; De\u011ferli an\u0131lar\u0131 koruyun<br \/>\n&#8211; Sa\u011fl\u0131k ve beceri dinamiklerini analiz edin<\/p>\n<p>\u00d6zellikler:<br \/>\n&#8211; 10 temel parametre &#8211; boy, kilo, konu\u015fma, motor beceriler, uyku ve di\u011fer \u00f6nemli g\u00f6stergeler<br \/>\n&#8211; Foto\u011fraflar i\u00e7in alan &#8211; ilk ba\u015far\u0131lar\u0131n resimlerini yap\u0131\u015ft\u0131r\u0131n<br \/>\n&#8211; Notlar i\u00e7in alan &#8211; duygular\u0131, komik anlar\u0131, d\u00fc\u015f\u00fcncelerinizi yaz\u0131n<br \/>\n&#8211; Do\u011fumdan 5 y\u0131la kadar &#8211; t\u00fcm \u00e7ocukluk i\u00e7in bir g\u00fcnl\u00fck<\/p>\n<p>Ak\u0131ll\u0131 not alma sistemi:<br \/>\n&#8211; \u0130lk ay, ultra hassas yenido\u011fan takibi i\u00e7in 5 temel d\u00f6neme ayr\u0131lm\u0131\u015ft\u0131r<br \/>\n&#8211; \u0130lk y\u0131l &#8211; ayl\u0131k izleme<br \/>\n&#8211; 1-5 ya\u015f &#8211; her ya\u015f a\u015famas\u0131n\u0131n a\u00e7\u0131k tan\u0131mlar\u0131<\/p>\n<p>10 kritik geli\u015fim parametresi:<br \/>\n1. Fiziksel g\u00f6stergeler (boy\/kilo)<br \/>\n2. Motor becerileri: b\u00fcy\u00fck motor ve ince motor becerileri<br \/>\n3. G\u00f6rsel alg\u0131<br \/>\n4. Konu\u015fma geli\u015fimi, i\u015fitme ve seslere tepki<br \/>\n5. Bili\u015fsel beceriler<br \/>\n6. Sosyal beceriler ve duygusal geli\u015fim<br \/>\n7. Uyku d\u00fczeni<br \/>\n8. Beslenme \u00f6zellikleri<br \/>\n9. \u00d6nerilen oyunlar<br \/>\n10. G\u00fcvenlik \u00f6nlemleri<\/p>\n<p>Her bir geli\u015fim d\u00f6nemi i\u00e7in \u00e7ocu\u011fun ba\u015far\u0131lar\u0131<br \/>\nEk \u00f6zellikler:<br \/>\n&#8211; &#8220;Annenin D\u00fc\u015f\u00fcnceleri&#8221; &#8211; deneyimleriniz ve sevin\u00e7leriniz i\u00e7in \u00f6zel sayfalar<br \/>\n&#8211; Foto\u011fraf i\u00e7in alan &#8211; foto\u011fraflar\u0131 yap\u0131\u015ft\u0131rabilece\u011finiz yerler<br \/>\n&#8211; &#8220;Baban\u0131n Notlar\u0131&#8221; &#8211; baba g\u00f6zlemleri i\u00e7in ayr\u0131 s\u00fctunlar<br \/>\n&#8211; Unutulmaz Olaylar &#8211; do\u011fum g\u00fcnleri, tatiller, geziler<br \/>\n&#8211; Aile Y\u0131ll\u0131klar\u0131 &#8211; b\u00fcy\u00fckanne ve b\u00fcy\u00fckbabalar\u0131n notlar\u0131 i\u00e7in sayfalar<\/p>\n<p>Pratik ayr\u0131nt\u0131lar:<br \/>\n&#8211; Yo\u011fun 120 g\/m\u00b2 ka\u011f\u0131t &#8211; yar\u0131 saydam de\u011fil<br \/>\n&#8211; Kullan\u0131\u015fl\u0131 A4 format\u0131<br \/>\n&#8211; Sert kapak<br \/>\n&#8211; Foto\u011fraflar\u0131n\u0131z\u0131n, \u00e7izimlerinizin ve sekmelerinizin g\u00fcnl\u00fc\u011fe kaydedilebilmesi i\u00e7in spiralli<\/p>\n<p>Anneler neden bu g\u00fcnl\u00fc\u011f\u00fc se\u00e7iyor?<br \/>\n&#8220;\u0130lk ayla ilgili b\u00f6l\u00fcm\u00fc doldurdu\u011funuzda bebe\u011finizle ilgili ger\u00e7ekten ne kadar \u00e7ok \u015fey oldu\u011funu fark ediyorsunuz! Bir y\u0131l sonra tekrar okuyorsunuz ve de\u011fi\u015fimler kar\u015f\u0131s\u0131nda hayrete d\u00fc\u015f\u00fcyorsunuz.&#8221; &#8211; Dilara, 2 ya\u015f\u0131ndaki Emira&#8217;n\u0131n annesi<\/p>\n<p>M\u00fckemmel hediye:<br \/>\nHamile kad\u0131nlar i\u00e7in &#8211; notlar\u0131n\u0131za ultrason ile ba\u015flay\u0131n<br \/>\nDo\u011fum hastanesinden taburcu olmak i\u00e7in<br \/>\n\u0130lk do\u011fum g\u00fcn\u00fc partisi i\u00e7in<\/p>\n<p>Neden sat\u0131n almal\u0131s\u0131n\u0131z?<br \/>\nG\u00fczel tasar\u0131m &#8211; elinizde tutmas\u0131 ho\u015f olan narin pembe ve mavi sayfalar<br \/>\nPratik &#8211; a\u00e7\u0131k tablolar ve geli\u015fim normlar\u0131 hakk\u0131nda ipu\u00e7lar\u0131<br \/>\nHaf\u0131za i\u00e7in &#8211; gelecek y\u0131llarda bir aile yadigar\u0131 olacak<\/p>\n<p>Annelerden referanslar:<br \/>\n&#8220;Do\u011fumdan sonra kendime ald\u0131\u011f\u0131m en g\u00fczel hediye! Tekrar okuyorum ve k\u0131z\u0131m\u0131n ne kadar h\u0131zl\u0131 b\u00fcy\u00fcd\u00fc\u011f\u00fcne hayret ediyorum&#8221; &#8211; Ay\u015fe, Liara&#8217;n\u0131n annesi<br \/>\n&#8220;\u00c7ocuk doktoru \u00e7ok be\u011fendi &#8211; daha \u00f6nce hi\u00e7 bu kadar ayr\u0131nt\u0131l\u0131 kay\u0131tlar g\u00f6rmedi\u011fini s\u00f6yledi&#8221; &#8211; Emine, Ardan&#8217;\u0131n annesi<\/p>\n<p>Hamile veya gen\u00e7 bir anne i\u00e7in m\u00fckemmel bir hediye<br \/>\nKendi benzersiz annelik hikayenizi yarat\u0131n &#8211; sayfa sayfa, y\u0131l y\u0131l!<br \/>\nKendinize zaman\u0131 durdurmak i\u00e7in bir f\u0131rsat verin &#8211; bebe\u011finizin b\u00fcy\u00fcmesinin her an\u0131n\u0131 kaydedin!<\/p>\n","protected":false},"excerpt":{"rendered":"<p>Annenin g\u00fcnl\u00fc\u011f\u00fc &#8211; bebe\u011finizin hayat\u0131n\u0131n ilk 5 y\u0131l\u0131n\u0131n paha bi\u00e7ilmez bir kroni\u011fi<\/p>\n<p>Gelecekteki veya gen\u00e7 bir anne i\u00e7in m\u00fckemmel bir hediye<br \/>\nKendi benzersiz annelik hikayenizi yarat\u0131n &#8211; sayfa sayfa, y\u0131l y\u0131l!<br \/>\n92 sayfal\u0131k bu narin pembe ve mavi g\u00fcnl\u00fck, anneli\u011fin en dokunakl\u0131 anlar\u0131n\u0131n g\u00fcvenilir saklay\u0131c\u0131s\u0131 olacak.<\/p>\n<p>G\u00fczel, kullan\u0131\u015fl\u0131 ve \u00f6zenle tasarlanm\u0131\u015f bu kitap size yard\u0131mc\u0131 olacakt\u0131r:<br \/>\n&#8211; Bebe\u011finizin geli\u015fimindeki \u00f6nemli d\u00f6n\u00fcm noktalar\u0131n\u0131 yakalay\u0131n<br \/>\n&#8211; De\u011ferli an\u0131lar\u0131 koruyun<br \/>\n&#8211; Sa\u011fl\u0131k ve beceri dinamiklerini analiz edin<\/p>\n<p>\u00d6zellikler:<br \/>\n10 temel parametre &#8211; boy, kilo, konu\u015fma, motor beceriler, uyku ve di\u011fer \u00f6nemli g\u00f6stergeler<br \/>\nFoto\u011fraflar i\u00e7in alan &#8211; ilk ba\u015far\u0131lar\u0131n resimlerini yap\u0131\u015ft\u0131r\u0131n<br \/>\nNotlar i\u00e7in alan &#8211; duygular\u0131, komik anlar\u0131, d\u00fc\u015f\u00fcncelerinizi a\u00e7\u0131klay\u0131n<\/p>\n<p>Do\u011fumdan 5 ya\u015f\u0131na kadar &#8211; t\u00fcm \u00e7ocukluk i\u00e7in bir g\u00fcnl\u00fck<\/p>\n<p>&#8220;Do\u011fumdan sonra kendim i\u00e7in en iyi hediye! Tekrar okuyorum ve k\u0131z\u0131m\u0131n ne kadar h\u0131zl\u0131 b\u00fcy\u00fcd\u00fc\u011f\u00fcne hayret ediyorum&#8221; &#8211; Ay\u015fe, Liara&#8217;n\u0131n annesi<br \/>\n&#8220;\u0130lk ayla ilgili b\u00f6l\u00fcm\u00fc doldurdu\u011funuzda &#8211; bebekle ilgili ger\u00e7ekten ne kadar \u00e7ok \u015fey oldu\u011funu fark ediyorsunuz! Ve bir y\u0131l sonra, tekrar okuyorsunuz ve de\u011fi\u015fikliklere hayret ediyorsunuz&#8221; &#8211; Dilara, 2 ya\u015f\u0131ndaki Emira&#8217;n\u0131n annesi<\/p>\n","protected":false},"featured_media":9881,"comment_status":"open","ping_status":"closed","template":"","meta":[],"product_brand":[255],"product_cat":[1274,746],"product_tag":[1385,1387,1384,1337,1388,1390,1391,1386,1389],"class_list":{"0":"post-9897","1":"product","2":"type-product","3":"status-publish","4":"has-post-thumbnail","6":"product_brand-reading-with-nicky","7":"product_cat-aile","8":"product_cat-kisisel-gelisim","9":"product_tag-anneligin-dokunakli-anlari","10":"product_tag-annenin-dusunceleri","11":"product_tag-annenin-gunlugu","12":"product_tag-en-iyi-hediye","13":"product_tag-fotograf","14":"product_tag-hamile-kadin","15":"product_tag-ilk-dogum-gunu-partisi","16":"product_tag-pembe-ve-mavi-gunluk","17":"product_tag-sert-kapak","18":"pa_tip-b-basili","20":"first","21":"instock","22":"featured","23":"shipping-taxable","24":"purchasable","25":"product-type-simple"},"_links":{"self":[{"href":"https:\/\/nickyakademi.com.tr\/tr\/wp-json\/wp\/v2\/product\/9897","targetHints":{"allow":["GET"]}}],"collection":[{"href":"https:\/\/nickyakademi.com.tr\/tr\/wp-json\/wp\/v2\/product"}],"about":[{"href":"https:\/\/nickyakademi.com.tr\/tr\/wp-json\/wp\/v2\/types\/product"}],"replies":[{"embeddable":true,"href":"https:\/\/nickyakademi.com.tr\/tr\/wp-json\/wp\/v2\/comments?post=9897"}],"wp:featuredmedia":[{"embeddable":true,"href":"https:\/\/nickyakademi.com.tr\/tr\/wp-json\/wp\/v2\/media\/9881"}],"wp:attachment":[{"href":"https:\/\/nickyakademi.com.tr\/tr\/wp-json\/wp\/v2\/media?parent=9897"}],"wp:term":[{"taxonomy":"product_brand","embeddable":true,"href":"https:\/\/nickyakademi.com.tr\/tr\/wp-json\/wp\/v2\/product_brand?post=9897"},{"taxonomy":"product_cat","embeddable":true,"href":"https:\/\/nickyakademi.com.tr\/tr\/wp-json\/wp\/v2\/product_cat?post=9897"},{"taxonomy":"product_tag","embeddable":true,"href":"https:\/\/nickyakademi.com.tr\/tr\/wp-json\/wp\/v2\/product_tag?post=9897"}],"curies":[{"name":"wp","href":"https:\/\/api.w.org\/{rel}","templated":true}]}}