{"id":9709,"date":"2025-10-08T18:27:07","date_gmt":"2025-10-08T18:27:07","guid":{"rendered":"https:\/\/nickyakademi.com.tr\/product\/deneme-oyunu-01-koleksiyonu-baloya-gidiyoruz-deneme-oyunu-1-koleksyonu-baloya-gidiyoruz\/"},"modified":"2025-10-13T09:50:52","modified_gmt":"2025-10-13T09:50:52","slug":"deneme-oyunu-01-koleksiyonu-baloya-gidiyoruz-deneme-oyunu-1-koleksyonu-baloya-gidiyoruz","status":"publish","type":"product","link":"https:\/\/nickyakademi.com.tr\/tr\/urun\/deneme-oyunu-01-koleksiyonu-baloya-gidiyoruz-deneme-oyunu-1-koleksyonu-baloya-gidiyoruz\/","title":{"rendered":"Deneme Oyunu 01 Koleksiyonu: Baloya gidiyoruz (Deneme Oyunu. 1 Koleksyonu: Baloya gidiyoruz)"},"content":{"rendered":"<p>Fitting: Yarat\u0131c\u0131 Bir Tefekk\u00fcr Seti<br \/>\nBo\u015fluk ve doluluk aras\u0131ndaki tezattan do\u011fan sanat\u0131 ke\u015ffedin. Meditatif yarat\u0131c\u0131l\u0131k i\u00e7in tam bir set<\/p>\n<p>Tam A\u00e7\u0131klama:<br \/>\nArtful Deneme setimizle kendinize uyum ve estetik zevk anlar\u0131 hediye edin Bu bir hobinin \u00f6tesinde; basit ve zarif bir s\u00fcre\u00e7te v\u00fccut bulmu\u015f b\u00fct\u00fcn bir felsefedir.<\/p>\n<p>Deneme Nedir?<br \/>\n&#8220;Deneme&#8221;, e\u015fle\u015ftirme ve tefekk\u00fcr sanat\u0131d\u0131r. Kesme bir \u015fekle sahip zarif bir siluet fig\u00fcr\u00fc al\u0131r ve \u00fczerine farkl\u0131 kuma\u015flar\u0131 &#8220;dener&#8221;, kaba keten, narin ipek veya desenli pamu\u011fun karakterini nas\u0131l ba\u015ftan a\u015fa\u011f\u0131 d\u00f6n\u00fc\u015ft\u00fcrd\u00fc\u011f\u00fcn\u00fc g\u00f6zlemlersiniz.<\/p>\n<p>Setin \u0130\u00e7inde Ne Var?<br \/>\nSiluet Fig\u00fcr Seti: Ayr\u0131nt\u0131l\u0131 kesme desenlere sahip birka\u00e7 mukavva fig\u00fcr. Her biri, hayal g\u00fcc\u00fcn\u00fcz i\u00e7in haz\u0131r bir tuval olan saf bir formdur. Her biri, hayal g\u00fcc\u00fcn\u00fcz i\u00e7in haz\u0131r bir tuval olan saf bir formdur.<br \/>\nKuma\u015f Koleksiyonu: Farkl\u0131 renk, desen ve dokularda \u00f6zenle se\u00e7ilmi\u015f kuma\u015f \u00f6rnekleri seti. Sonsuz say\u0131da kombinasyonla deneyler yapabileceksiniz.<\/p>\n<p>Bu Seti Neden Benzersiz K\u0131lar?<br \/>\nBasitlik ve Derinlik: \u00d6nceden beceri gerektirmez. S\u00fcre\u00e7 sezgiseldir ve inan\u0131lmaz derecede ilgi \u00e7ekicidir.<br \/>\nDokunsal Deneyim: Kuma\u015f\u0131n dokusunu hissedersiniz, fig\u00fcr\u00fc elinizde tutars\u0131n\u0131z\u2014bu dijital d\u00fcnyada ya\u015fayan, analog bir deneyimdir.<br \/>\nTasar\u0131m G\u00f6z\u00fc Geli\u015ftirir: Kontrastlarla oynamak, rengi, formu ve dokuyu hissetmeyi \u00f6\u011fretir.<br \/>\n\u00c7ok Y\u00f6nl\u00fcl\u00fck: Yeti\u015fkinler i\u00e7in sanat terapisi, \u00e7ocuklar i\u00e7in geli\u015ftirici bir oyun ve sehpan\u0131z i\u00e7in \u015f\u0131k bir dekor par\u00e7as\u0131d\u0131r.<\/p>\n<p>Doku ve form d\u00fcnyas\u0131na dal\u0131n. Kendinize Deneme kiti ile ak\u0131\u015f halini hediye edin!<\/p>\n","protected":false},"excerpt":{"rendered":"<p>Deneme Oyunu. 1 Koleksyonu: Baloya gidiyoruz<strong><br \/>\n  <span style=\"font-weight: 400;\">!<\/span><br \/>\n<\/strong> <\/p>\n<p>Fitting: Yarat\u0131c\u0131 Bir Tefekk\u00fcr Seti<br \/>\nBo\u015fluk ve doluluk aras\u0131ndaki tezattan do\u011fan sanat\u0131 ke\u015ffedin. Meditatif yarat\u0131c\u0131l\u0131k i\u00e7in tam bir set<\/p>\n<p>Tam A\u00e7\u0131klama:<br \/>\nArtful Deneme setimizle kendinize uyum ve estetik zevk anlar\u0131 hediye edin Bu bir hobinin \u00f6tesinde; basit ve zarif bir s\u00fcre\u00e7te v\u00fccut bulmu\u015f b\u00fct\u00fcn bir felsefedir.<\/p>\n<p>Deneme Nedir?<br \/>\n&#8220;Deneme&#8221;, e\u015fle\u015ftirme ve tefekk\u00fcr sanat\u0131d\u0131r. Kesme bir \u015fekle sahip zarif bir siluet fig\u00fcr\u00fc al\u0131r ve \u00fczerine farkl\u0131 kuma\u015flar\u0131 &#8220;dener&#8221;, kaba keten, narin ipek veya desenli pamu\u011fun karakterini nas\u0131l ba\u015ftan a\u015fa\u011f\u0131 d\u00f6n\u00fc\u015ft\u00fcrd\u00fc\u011f\u00fcn\u00fc g\u00f6zlemlersiniz.<\/p>\n<p>Setin \u0130\u00e7inde Ne Var?<br \/>\nSiluet Fig\u00fcr Seti: Ayr\u0131nt\u0131l\u0131 kesme desenlere sahip birka\u00e7 mukavva fig\u00fcr. Her biri, hayal g\u00fcc\u00fcn\u00fcz i\u00e7in haz\u0131r bir tuval olan saf bir formdur. Her biri, hayal g\u00fcc\u00fcn\u00fcz i\u00e7in haz\u0131r bir tuval olan saf bir formdur.<br \/>\nKuma\u015f Koleksiyonu: Farkl\u0131 renk, desen ve dokularda \u00f6zenle se\u00e7ilmi\u015f kuma\u015f \u00f6rnekleri seti. Sonsuz say\u0131da kombinasyonla deneyler yapabileceksiniz.<\/p>\n","protected":false},"featured_media":9707,"comment_status":"open","ping_status":"closed","template":"","meta":[],"product_brand":[255],"product_cat":[750,758],"product_tag":[1376,1370,1374,1373,1371,1372],"class_list":{"0":"post-9709","1":"product","2":"type-product","3":"status-publish","4":"has-post-thumbnail","6":"product_brand-reading-with-nicky","7":"product_cat-sanat-sosyal-bilgiler","8":"product_cat-oyunlar","9":"product_tag-deneme","10":"product_tag-dressup-tr","11":"product_tag-hobi","12":"product_tag-minimoda","13":"product_tag-oyuncak","14":"product_tag-yaraticilik","15":"pa_tip-b-basili","17":"first","18":"instock","19":"featured","20":"shipping-taxable","21":"purchasable","22":"product-type-simple"},"_links":{"self":[{"href":"https:\/\/nickyakademi.com.tr\/tr\/wp-json\/wp\/v2\/product\/9709","targetHints":{"allow":["GET"]}}],"collection":[{"href":"https:\/\/nickyakademi.com.tr\/tr\/wp-json\/wp\/v2\/product"}],"about":[{"href":"https:\/\/nickyakademi.com.tr\/tr\/wp-json\/wp\/v2\/types\/product"}],"replies":[{"embeddable":true,"href":"https:\/\/nickyakademi.com.tr\/tr\/wp-json\/wp\/v2\/comments?post=9709"}],"wp:featuredmedia":[{"embeddable":true,"href":"https:\/\/nickyakademi.com.tr\/tr\/wp-json\/wp\/v2\/media\/9707"}],"wp:attachment":[{"href":"https:\/\/nickyakademi.com.tr\/tr\/wp-json\/wp\/v2\/media?parent=9709"}],"wp:term":[{"taxonomy":"product_brand","embeddable":true,"href":"https:\/\/nickyakademi.com.tr\/tr\/wp-json\/wp\/v2\/product_brand?post=9709"},{"taxonomy":"product_cat","embeddable":true,"href":"https:\/\/nickyakademi.com.tr\/tr\/wp-json\/wp\/v2\/product_cat?post=9709"},{"taxonomy":"product_tag","embeddable":true,"href":"https:\/\/nickyakademi.com.tr\/tr\/wp-json\/wp\/v2\/product_tag?post=9709"}],"curies":[{"name":"wp","href":"https:\/\/api.w.org\/{rel}","templated":true}]}}