{"id":9667,"date":"2025-10-08T14:35:54","date_gmt":"2025-10-08T14:35:54","guid":{"rendered":"https:\/\/nickyakademi.com.tr\/product\/dress-up-oyunu-09-koleksiyonu-yildiz-hipostazlari-unluler-9-koleksyonu-yildiz-hipostazlari-unluler\/"},"modified":"2025-10-08T15:12:16","modified_gmt":"2025-10-08T15:12:16","slug":"dress-up-oyunu-09-koleksiyonu-yildiz-hipostazlari-unluler-9-koleksyonu-yildiz-hipostazlari-unluler","status":"publish","type":"product","link":"https:\/\/nickyakademi.com.tr\/tr\/urun\/dress-up-oyunu-09-koleksiyonu-yildiz-hipostazlari-unluler-9-koleksyonu-yildiz-hipostazlari-unluler\/","title":{"rendered":"Dress-Up Oyunu. 09 Koleksiyonu: Y\u0131ld\u0131z Hipostazlar\u0131 (\u00dcnl\u00fcler) 9 Koleksyonu: Y\u0131ld\u0131z Hipostazlar\u0131 (\u00dcnl\u00fcler).)"},"content":{"rendered":"<p>Dress-Up Oyunu: Koleksiyon Fig\u00fcrlerinin D\u00fcnyas\u0131na Ho\u015f Geldiniz!<\/p>\n<p>Basit k\u0131yafet de\u011fi\u015ftirmeyi unutun! Koleksiyon fig\u00fcrleriyle dress-up oyunlar\u0131 yeni bir boyut kazan\u0131yor. Bu sadece giydirmek de\u011fil \u2013 say\u0131s\u0131z evrenden y\u00fczlerce karaktere \u00f6zg\u00fcn tarzlar yaratmak!<\/p>\n<p>Hayal edin:<br \/>\n\u00c7e\u015fitli Koleksiyonlar: Vintage bebekler, haval\u0131 anime kahramanlar\u0131, efsanevi yarat\u0131klar. Her set bir hikaye anlat\u0131r.<br \/>\nMuhte\u015fem Detaylar: Minik aksesuarlar, sa\u00e7 stilleri, ayakkab\u0131lar, sonsuz giyim se\u00e7enekleri. Her par\u00e7a \u00f6nemli.<br \/>\nS\u0131n\u0131rs\u0131z Yarat\u0131c\u0131l\u0131k: Setleri kar\u0131\u015ft\u0131r\u0131n! Hayal etti\u011finiz tarzlar\u0131, f\u00fct\u00fcristik g\u00f6r\u00fcn\u00fcmleri veya balo elbiselerini tasarlay\u0131n \u2013 hayal g\u00fcc\u00fcn\u00fcz s\u0131n\u0131r tan\u0131mas\u0131n!<\/p>\n<p>Toplay\u0131n, birle\u015ftirin, yarat\u0131n! Fig\u00fcr dress-up, mini modan\u0131n, koleksiyonculu\u011fun ve s\u0131n\u0131rs\u0131z kendini ifadenin heyecan verici d\u00fcnyas\u0131d\u0131r. Hemen ke\u015ffedin!<\/p>\n","protected":false},"excerpt":{"rendered":"<p>Dress-Up Oyunu: 9 Koleksyonu: Y\u0131ld\u0131z Hipostazlar\u0131 (\u00dcnl\u00fcler)<strong><br \/>\n<span style=\"font-weight: 400;\">.<\/span><br \/>\n<\/strong><\/p>\n<p>10 fig\u00fcr, 60 giysi.<\/p>\n<p>12 cm ka\u011f\u0131t bebekler. Bebekleri ve giysileri ka\u011f\u0131ttan emniyet makas\u0131yla dikkatlice kesin, bu i\u015flem i\u00e7in yeti\u015fkinlerden yard\u0131m isteyin. Ard\u0131ndan farkl\u0131 giysi koleksiyonlar\u0131yla bebekleri giydirerek oynay\u0131n \u2014 kombinleyin, e\u015fle\u015ftirin, hayal g\u00fcc\u00fcn\u00fcz\u00fc kullan\u0131n ve e\u011flenin!<\/p>\n<p>Toplay\u0131n, birle\u015ftirin, yarat\u0131n! Fig\u00fcr dress-up, mini modan\u0131n, koleksiyonculu\u011fun ve s\u0131n\u0131rs\u0131z kendini ifadenin heyecan verici d\u00fcnyas\u0131d\u0131r. Hemen ke\u015ffedin!<\/p>\n","protected":false},"featured_media":9670,"comment_status":"open","ping_status":"closed","template":"","meta":[],"product_brand":[255],"product_cat":[750,758],"product_tag":[1370,1374,1373,1371,1372],"class_list":{"0":"post-9667","1":"product","2":"type-product","3":"status-publish","4":"has-post-thumbnail","6":"product_brand-reading-with-nicky","7":"product_cat-sanat-sosyal-bilgiler","8":"product_cat-oyunlar","9":"product_tag-dressup-tr","10":"product_tag-hobi","11":"product_tag-minimoda","12":"product_tag-oyuncak","13":"product_tag-yaraticilik","14":"pa_tip-b-basili","16":"first","17":"instock","18":"featured","19":"shipping-taxable","20":"purchasable","21":"product-type-simple"},"_links":{"self":[{"href":"https:\/\/nickyakademi.com.tr\/tr\/wp-json\/wp\/v2\/product\/9667","targetHints":{"allow":["GET"]}}],"collection":[{"href":"https:\/\/nickyakademi.com.tr\/tr\/wp-json\/wp\/v2\/product"}],"about":[{"href":"https:\/\/nickyakademi.com.tr\/tr\/wp-json\/wp\/v2\/types\/product"}],"replies":[{"embeddable":true,"href":"https:\/\/nickyakademi.com.tr\/tr\/wp-json\/wp\/v2\/comments?post=9667"}],"wp:featuredmedia":[{"embeddable":true,"href":"https:\/\/nickyakademi.com.tr\/tr\/wp-json\/wp\/v2\/media\/9670"}],"wp:attachment":[{"href":"https:\/\/nickyakademi.com.tr\/tr\/wp-json\/wp\/v2\/media?parent=9667"}],"wp:term":[{"taxonomy":"product_brand","embeddable":true,"href":"https:\/\/nickyakademi.com.tr\/tr\/wp-json\/wp\/v2\/product_brand?post=9667"},{"taxonomy":"product_cat","embeddable":true,"href":"https:\/\/nickyakademi.com.tr\/tr\/wp-json\/wp\/v2\/product_cat?post=9667"},{"taxonomy":"product_tag","embeddable":true,"href":"https:\/\/nickyakademi.com.tr\/tr\/wp-json\/wp\/v2\/product_tag?post=9667"}],"curies":[{"name":"wp","href":"https:\/\/api.w.org\/{rel}","templated":true}]}}