{"id":9170,"date":"2025-09-02T17:17:26","date_gmt":"2025-09-02T17:17:26","guid":{"rendered":"https:\/\/nickyakademi.com.tr\/product\/buyuk-boyama-kitabi-seviye-3-koleksiyon-02-kelebekler-big-colouring-book-level-3-collection-02-butterflies-2\/"},"modified":"2025-10-13T08:34:48","modified_gmt":"2025-10-13T08:34:48","slug":"buyuk-boyama-kitabi-seviye-3-koleksiyon-02-kelebekler-big-colouring-book-level-3-collection-02-butterflies-2","status":"publish","type":"product","link":"https:\/\/nickyakademi.com.tr\/tr\/urun\/buyuk-boyama-kitabi-seviye-3-koleksiyon-02-kelebekler-big-colouring-book-level-3-collection-02-butterflies-2\/","title":{"rendered":"B\u00fcy\u00fck Boyama Kitab\u0131 Seviye 3 Koleksiyon 02: Kelebekler (Big Colouring Book. Level 3. Collection 02: Butterflies)"},"content":{"rendered":"<p>&nbsp;<\/p>\n<p>&nbsp;<\/p>\n","protected":false},"excerpt":{"rendered":"<p>Koleksiyon 02: Kelebekler. 64 Sayfa. <\/p>\n<p>Minik yavrunuz bu boyama kitab\u0131na bay\u0131lacak!<br \/>\n&#8216;Ben resim yap\u0131yorum&#8217; ve &#8216;Temel Resim&#8217; serisinden b\u00fcy\u00fck boy boyama kitab\u0131.<br \/>\n\u00c7ocu\u011funuz bu kitab\u0131n her sayfas\u0131ndaki resimleri boyas\u0131n!<\/p>\n","protected":false},"featured_media":9014,"comment_status":"open","ping_status":"closed","template":"","meta":[],"product_brand":[255],"product_cat":[732,750],"product_tag":[1425,1422,1423,1426,1418,1419,1420,1421,1424],"class_list":{"0":"post-9170","1":"product","2":"type-product","3":"status-publish","4":"has-post-thumbnail","6":"product_brand-reading-with-nicky","7":"product_cat-ben-resim-yapiyorum","8":"product_cat-sanat-sosyal-bilgiler","9":"product_tag-ben-basacagim","10":"product_tag-gunun-resmi","11":"product_tag-mutlu-zaman","12":"product_tag-nicky-ile-resim-yapmak","13":"product_tag-okuma-tr","14":"product_tag-okumayi-ogren","15":"product_tag-resim","16":"product_tag-resimler","17":"product_tag-suluboya-resim","18":"pa_tip-b-basili","20":"first","21":"instock","22":"featured","23":"shipping-taxable","24":"purchasable","25":"product-type-simple"},"_links":{"self":[{"href":"https:\/\/nickyakademi.com.tr\/tr\/wp-json\/wp\/v2\/product\/9170","targetHints":{"allow":["GET"]}}],"collection":[{"href":"https:\/\/nickyakademi.com.tr\/tr\/wp-json\/wp\/v2\/product"}],"about":[{"href":"https:\/\/nickyakademi.com.tr\/tr\/wp-json\/wp\/v2\/types\/product"}],"replies":[{"embeddable":true,"href":"https:\/\/nickyakademi.com.tr\/tr\/wp-json\/wp\/v2\/comments?post=9170"}],"wp:featuredmedia":[{"embeddable":true,"href":"https:\/\/nickyakademi.com.tr\/tr\/wp-json\/wp\/v2\/media\/9014"}],"wp:attachment":[{"href":"https:\/\/nickyakademi.com.tr\/tr\/wp-json\/wp\/v2\/media?parent=9170"}],"wp:term":[{"taxonomy":"product_brand","embeddable":true,"href":"https:\/\/nickyakademi.com.tr\/tr\/wp-json\/wp\/v2\/product_brand?post=9170"},{"taxonomy":"product_cat","embeddable":true,"href":"https:\/\/nickyakademi.com.tr\/tr\/wp-json\/wp\/v2\/product_cat?post=9170"},{"taxonomy":"product_tag","embeddable":true,"href":"https:\/\/nickyakademi.com.tr\/tr\/wp-json\/wp\/v2\/product_tag?post=9170"}],"curies":[{"name":"wp","href":"https:\/\/api.w.org\/{rel}","templated":true}]}}