{"id":8644,"date":"2025-09-01T15:43:32","date_gmt":"2025-09-01T15:43:32","guid":{"rendered":"https:\/\/nickyakademi.com.tr\/product\/mantiksal-dusunme-seviye-1-kucuk-dedektifler-mantiga-ilk-adimlar\/"},"modified":"2025-12-01T00:03:09","modified_gmt":"2025-12-01T00:03:09","slug":"mantiksal-dusunme-seviye-1-kucuk-dedektifler-mantiga-ilk-adimlar","status":"publish","type":"product","link":"https:\/\/nickyakademi.com.tr\/tr\/urun\/mantiksal-dusunme-seviye-1-kucuk-dedektifler-mantiga-ilk-adimlar\/","title":{"rendered":"Mant\u0131ksal D\u00fc\u015f\u00fcnme Seviye 1: K\u00fc\u00e7\u00fck Dedektifler &#8211; Mant\u0131\u011fa \u0130lk Ad\u0131mlar"},"content":{"rendered":"","protected":false},"excerpt":{"rendered":"<p>Mant\u0131ksal D\u00fc\u015f\u00fcnme Seviye 1: K\u00fc\u00e7\u00fck Dedektifler &#8211; Mant\u0131\u011fa \u0130lk Ad\u0131mlar<\/p>\n<p>30 ders. 32 sayfa.<br \/>\n\u00dcst\u00fcn zekal\u0131 ve \u00f6\u011frenmeye a\u00e7\u0131k \u00e7ocuklar i\u00e7in ileri d\u00fczey bir zeka geli\u015fim program\u0131.<br \/>\nBu kurs, yaln\u0131zca bir oyun de\u011fil, gelece\u011fin dahileri ve olimpiyat \u015fampiyonlar\u0131 i\u00e7in temel bir zihin jimnasti\u011fidir. \u00c7ocu\u011funuzun bili\u015fsel becerilerini (cognitive skills), heyecan dolu bir dedektiflik maceras\u0131 arac\u0131l\u0131\u011f\u0131yla geli\u015ftirmek i\u00e7in tasarland\u0131.<\/p>\n<p>Ak\u0131ll\u0131 Tilki ve Merakl\u0131 Ay\u0131 ile \u00e7ocu\u011funuz, kapsaml\u0131 30 dersten olu\u015fan bir m\u00fcfredat ile mant\u0131ksal d\u00fc\u015f\u00fcnmenin temel ara\u00e7lar\u0131n\u0131 \u00f6\u011frenecek.<\/p>\n<p>Bu seviye \u015fu konular\u0131 kapsar: Kar\u015f\u0131la\u015ft\u0131rma, S\u0131n\u0131fland\u0131rma, \u00d6r\u00fcnt\u00fcler, Labirentler, &#8220;Gruptan Farkl\u0131 Olan\u0131 Bulma&#8221;, Neden-Sonu\u00e7 \u0130li\u015fkileri ve Ko\u015fullu Mant\u0131k.<\/p>\n<p>Bu program, \u00e7ocu\u011funuzun ele\u015ftirel ve analitik d\u00fc\u015f\u00fcnme becerilerini g\u00fc\u00e7lendirerek onu matemati\u011fe, kodlamaya ve ya\u015fama haz\u0131rlar. \u00dcst\u00fcn potansiyelli \u00e7ocuklar\u0131n zihinsel geli\u015fimine yat\u0131r\u0131m yapan ebeveynler i\u00e7in tasarlanm\u0131\u015ft\u0131r. <\/p>\n<p>\u00c7ocu\u011funuza entelekt\u00fcel bir avantaj sa\u011flay\u0131n.<\/p>\n","protected":false},"featured_media":10192,"comment_status":"open","ping_status":"closed","template":"","meta":[],"product_brand":[],"product_cat":[742],"product_tag":[1461,1439,1459,1457,1460,1440,1458],"class_list":{"0":"post-8644","1":"product","2":"type-product","3":"status-publish","4":"has-post-thumbnail","6":"product_cat-matematik","7":"product_tag-basariya-hazirlik","8":"product_tag-elestirel-dusunme","9":"product_tag-erken-yas-egitimi","10":"product_tag-mantiksal-dusunme","11":"product_tag-ogrenme-macerasi","12":"product_tag-problem-cozme","13":"product_tag-ustun-zekali-cocuklar","14":"pa_tip-a-indirilebilir","16":"first","17":"instock","18":"downloadable","19":"shipping-taxable","20":"purchasable","21":"product-type-simple"},"_links":{"self":[{"href":"https:\/\/nickyakademi.com.tr\/tr\/wp-json\/wp\/v2\/product\/8644","targetHints":{"allow":["GET"]}}],"collection":[{"href":"https:\/\/nickyakademi.com.tr\/tr\/wp-json\/wp\/v2\/product"}],"about":[{"href":"https:\/\/nickyakademi.com.tr\/tr\/wp-json\/wp\/v2\/types\/product"}],"replies":[{"embeddable":true,"href":"https:\/\/nickyakademi.com.tr\/tr\/wp-json\/wp\/v2\/comments?post=8644"}],"wp:featuredmedia":[{"embeddable":true,"href":"https:\/\/nickyakademi.com.tr\/tr\/wp-json\/wp\/v2\/media\/10192"}],"wp:attachment":[{"href":"https:\/\/nickyakademi.com.tr\/tr\/wp-json\/wp\/v2\/media?parent=8644"}],"wp:term":[{"taxonomy":"product_brand","embeddable":true,"href":"https:\/\/nickyakademi.com.tr\/tr\/wp-json\/wp\/v2\/product_brand?post=8644"},{"taxonomy":"product_cat","embeddable":true,"href":"https:\/\/nickyakademi.com.tr\/tr\/wp-json\/wp\/v2\/product_cat?post=8644"},{"taxonomy":"product_tag","embeddable":true,"href":"https:\/\/nickyakademi.com.tr\/tr\/wp-json\/wp\/v2\/product_tag?post=8644"}],"curies":[{"name":"wp","href":"https:\/\/api.w.org\/{rel}","templated":true}]}}