{"id":10824,"date":"2026-02-18T10:16:53","date_gmt":"2026-02-18T10:16:53","guid":{"rendered":"https:\/\/nickyakademi.com.tr\/?post_type=product&#038;p=10824"},"modified":"2026-03-01T00:03:49","modified_gmt":"2026-03-01T00:03:49","slug":"tyt-matematik-problemler-e-book-tyt-mathematics-problems","status":"publish","type":"product","link":"https:\/\/nickyakademi.com.tr\/tr\/urun\/tyt-matematik-problemler-e-book-tyt-mathematics-problems\/","title":{"rendered":"TYT Matematik Problemler E-Book (TYT Mathematics Problems)"},"content":{"rendered":"<p>TYT Mathematics Problems<\/p>\n<p>Sayg\u0131yla ve Ba\u015far\u0131na Olan \u0130nanc\u0131m\u0131zla<br \/>\nFelsefemiz basit: Ba\u015far\u0131l\u0131 haz\u0131rl\u0131k bir sistemdir, tesad\u00fcf de\u011fil. Bu kitap haz\u0131r bir sistemdir. \u015eimdi senin g\u00f6revin ona g\u00fcvenmek ve Te\u015fhis Testi&#8217;nden Final Nasihati&#8217;ne kadar t\u00fcm yolu tutarl\u0131 bir \u015fekilde kat etmektir.<br \/>\nEllerinde, y\u00fczlerce \u00f6\u011frencimizin sonu\u00e7lar\u0131n\u0131 k\u00f6kten iyile\u015ftirmesine yard\u0131mc\u0131 olmu\u015f bir ara\u00e7 tutuyorsun. \u015eimdi s\u0131ra sende.<br \/>\nSisteme inan. Plana uy. Kendine g\u00fcven.<br \/>\nNicky Akademi Ekibi<br \/>\n\u00abS\u00f6z vermeyiz. Sistem veririz. Sonu\u00e7, bir yasad\u0131r.\u00bb<br \/>\nToplam Kurs Hacmi: 603 sayfa TYT s\u0131nav\u0131na ba\u015far\u0131l\u0131 haz\u0131rl\u0131k i\u00e7in detayl\u0131 \u00e7\u00f6z\u00fcmler ve a\u00e7\u0131klamalar i\u00e7eren sistematik materyal.<\/p>\n<p>Giri\u015f<\/p>\n<p>Nicky Akademi&#8217;den De\u011ferli Adaya, Elinizde tuttu\u011funuz bu kitap, TYT Matematik&#8217;in en kritik ve en kapsaml\u0131 b\u00f6l\u00fcm\u00fc olan PROBLEMLER i\u00e7in haz\u0131rlanm\u0131\u015f, eksiksiz bir yo\u011fun haz\u0131rl\u0131k kursudur.<\/p>\n<p>Neden &#8220;Problemler&#8221;? \u00c7\u00fcnk\u00fc TYT Matematik&#8217;teki her 3 sorudan 2&#8217;si problemlerden olu\u015fur. Konular\u0131n mant\u0131\u011f\u0131n\u0131 anlamak yetmez; bu mant\u0131\u011f\u0131 okudu\u011funuz bir metne uygulay\u0131p, do\u011fru denklemi kurup, hatas\u0131z \u00e7\u00f6zmeniz gerekir.<br \/>\n\u0130\u015fte bu kitap, tam olarak bunu ba\u015farman\u0131z i\u00e7in tasarland\u0131.<\/p>\n","protected":false},"excerpt":{"rendered":"<p>TYT Matematik Problemler (YKS)<br \/>\nToplam Kurs Hacmi: 603 sayfa TYT s\u0131nav\u0131na ba\u015far\u0131l\u0131 haz\u0131rl\u0131k i\u00e7in detayl\u0131 \u00e7\u00f6z\u00fcmler ve a\u00e7\u0131klamalar i\u00e7eren sistematik materyal.<br \/>\nB\u00f6l\u00fcm 0 &#8211; Metodoloji Ve E\u011fitim S\u00fcrecinin Organiza<br \/>\nB\u00f6l\u00fcm 1 &#8211; Giri\u015f Ve Te\u015fhis<br \/>\nB\u00f6l\u00fcm 2 &#8211; Say\u0131lar Ve Kesirler<br \/>\nB\u00f6l\u00fcm 3 &#8211; Ya\u015f Problemleri<br \/>\nB\u00f6l\u00fcm 4 &#8211; \u0130\u015f Ve Havuz Problemleri<br \/>\nB\u00f6l\u00fcm 5 &#8211; Hareket Ve H\u0131z Problemleri<br \/>\nB\u00f6l\u00fcm 6 &#8211; Y\u00fczde, Kar-Zarar Ve Faiz Problemleri<br \/>\nB\u00f6l\u00fcm 7 &#8211; Kar\u0131\u015f\u0131m Ve Ala\u015f\u0131m Problemleri<br \/>\nB\u00f6l\u00fcm 8 &#8211; Grafik Ve Tablo Okuma<br \/>\nB\u00f6l\u00fcm 9 &#8211; Mant\u0131ksal Ve \u00d6zel Problem T\u00fcrleri<br \/>\nB\u00f6l\u00fcm 10 &#8211; Son Durak<br \/>\n15 Tablo &#8211; Ge\u00e7mi\u015f Yillar \u00d6sym Sorulari (Tyt Matematik Problemler) (150)<br \/>\nHer \u015eey Te\u015fhis Testiyle Ba\u015fladi&#8230;<br \/>\nNicky Akademi&#8217;den Sonu\u00e7<\/p>\n<p>Sayg\u0131yla ve Ba\u015far\u0131na Olan \u0130nanc\u0131m\u0131zla<br \/>\nFelsefemiz basit: Ba\u015far\u0131l\u0131 haz\u0131rl\u0131k bir sistemdir, tesad\u00fcf de\u011fil. Bu kitap haz\u0131r bir sistemdir. \u015eimdi senin g\u00f6revin ona g\u00fcvenmek ve Te\u015fhis Testi&#8217;nden Final Nasihati&#8217;ne kadar t\u00fcm yolu tutarl\u0131 bir \u015fekilde kat etmektir.<br \/>\nEllerinde, y\u00fczlerce \u00f6\u011frencimizin sonu\u00e7lar\u0131n\u0131 k\u00f6kten iyile\u015ftirmesine yard\u0131mc\u0131 olmu\u015f bir ara\u00e7 tutuyorsun. \u015eimdi s\u0131ra sende.<br \/>\nSisteme inan. Plana uy. Kendine g\u00fcven.<br \/>\nNicky Akademi Ekibi<br \/>\n\u00abS\u00f6z vermeyiz. Sistem veririz. Sonu\u00e7, bir yasad\u0131r.\u00bb<br \/>\nToplam Kurs Hacmi: 603 sayfa TYT s\u0131nav\u0131na ba\u015far\u0131l\u0131 haz\u0131rl\u0131k i\u00e7in detayl\u0131 \u00e7\u00f6z\u00fcmler ve a\u00e7\u0131klamalar i\u00e7eren sistematik materyal.<\/p>\n","protected":false},"featured_media":10839,"comment_status":"open","ping_status":"closed","template":"","meta":[],"product_brand":[],"product_cat":[1741,742,752],"product_tag":[1729,1735,1727,1737,1724,1725,1731,1726,1733,1728,1734,1723,1730,1732,1736],"class_list":{"0":"post-10824","1":"product","2":"type-product","3":"status-publish","4":"has-post-thumbnail","6":"product_cat-tytyks-tr","7":"product_cat-matematik","8":"product_cat-sinavlar","9":"product_tag-basari","10":"product_tag-calisma-planlari","11":"product_tag-cozumler","12":"product_tag-en-iyi-sinav-sonuclari","13":"product_tag-hazirlik","14":"product_tag-matematik","15":"product_tag-osym-sorulari","16":"product_tag-problemler","17":"product_tag-sistematik","18":"product_tag-teshis","19":"product_tag-tum-konular","20":"product_tag-tyt-tr","21":"product_tag-tyt-matematik-problemleri","22":"product_tag-tyt-sinavlari","23":"product_tag-yogun-program","24":"pa_tip-c-online-cevrimici","26":"first","27":"instock","28":"featured","29":"downloadable","30":"virtual","31":"purchasable","32":"product-type-simple"},"_links":{"self":[{"href":"https:\/\/nickyakademi.com.tr\/tr\/wp-json\/wp\/v2\/product\/10824","targetHints":{"allow":["GET"]}}],"collection":[{"href":"https:\/\/nickyakademi.com.tr\/tr\/wp-json\/wp\/v2\/product"}],"about":[{"href":"https:\/\/nickyakademi.com.tr\/tr\/wp-json\/wp\/v2\/types\/product"}],"replies":[{"embeddable":true,"href":"https:\/\/nickyakademi.com.tr\/tr\/wp-json\/wp\/v2\/comments?post=10824"}],"wp:featuredmedia":[{"embeddable":true,"href":"https:\/\/nickyakademi.com.tr\/tr\/wp-json\/wp\/v2\/media\/10839"}],"wp:attachment":[{"href":"https:\/\/nickyakademi.com.tr\/tr\/wp-json\/wp\/v2\/media?parent=10824"}],"wp:term":[{"taxonomy":"product_brand","embeddable":true,"href":"https:\/\/nickyakademi.com.tr\/tr\/wp-json\/wp\/v2\/product_brand?post=10824"},{"taxonomy":"product_cat","embeddable":true,"href":"https:\/\/nickyakademi.com.tr\/tr\/wp-json\/wp\/v2\/product_cat?post=10824"},{"taxonomy":"product_tag","embeddable":true,"href":"https:\/\/nickyakademi.com.tr\/tr\/wp-json\/wp\/v2\/product_tag?post=10824"}],"curies":[{"name":"wp","href":"https:\/\/api.w.org\/{rel}","templated":true}]}}