{"id":10417,"date":"2025-10-15T15:34:44","date_gmt":"2025-10-15T15:34:44","guid":{"rendered":"https:\/\/nickyakademi.com.tr\/product\/uyku-vakti-hikayeleri-1\/"},"modified":"2025-10-15T15:55:22","modified_gmt":"2025-10-15T15:55:22","slug":"uyku-vakti-hikayeleri-1","status":"publish","type":"product","link":"https:\/\/nickyakademi.com.tr\/tr\/urun\/uyku-vakti-hikayeleri-1\/","title":{"rendered":"Uyku Vakti Hikayeleri 1"},"content":{"rendered":"","protected":false},"excerpt":{"rendered":"<p>Yatmadan \u00d6nce Hikayeler: Uyku \u00d6ncesi B\u00fcy\u00fc<\/p>\n<p>Her ak\u015fam yatmadan \u00f6nce, \u00e7ocu\u011funuza sadece uyku de\u011fil, ayn\u0131 zamanda mucizelerle dolu bir d\u00fcnyaya ger\u00e7ek bir yolculuk sunmak i\u00e7in e\u015fsiz bir f\u0131rsat\u0131n\u0131z var. Yatmadan \u00f6nce anlat\u0131lan hikaye, sadece bir masaldan \u00e7ok daha fazlas\u0131d\u0131r. Bu, aran\u0131zda e\u015fsiz bir ba\u011f kuran ve \u00e7ocu\u011funuzun nazik ve sakin bir \u015fekilde uykuya haz\u0131rlanmas\u0131na yard\u0131mc\u0131 olan bir rit\u00fceldir.<\/p>\n<p>Neden bu kadar \u00f6nemlidir?<\/p>\n<p>Rahatl\u0131k ve S\u0131cakl\u0131k. Tan\u0131d\u0131k ve sevdi\u011finiz sesiniz, \u00e7ocu\u011funuzda g\u00fcvenlik hissi yarat\u0131r.<br \/>\nHayal G\u00fcc\u00fcn\u00fcn Geli\u015fimi. Hikayeleri dinleyen \u00e7ocuklar zihinsel olarak resimler \u00e7izer, karakterler ve yerler uydurur, hayal g\u00fcc\u00fc ve yarat\u0131c\u0131 d\u00fc\u015f\u00fcnceyi geli\u015ftirir.<br \/>\nKelime Da\u011farc\u0131\u011f\u0131n\u0131n Geli\u015fimi. Kitaplar, \u00e7ocuklara yeni ve zengin bir dil a\u00e7ar, onlara c\u00fcmleleri do\u011fru kurmay\u0131 ve d\u00fc\u015f\u00fcncelerini ifade etmeyi \u00f6\u011fretir.<br \/>\nNazik hayat dersleri. Nazik hikayeler sayesinde \u00e7ocuk, iyiyi k\u00f6t\u00fcden ay\u0131rt etmeyi, arkada\u015f edinmeyi, empati kurmay\u0131 ve cesur olmay\u0131 \u00f6\u011frenir.<\/p>\n<p>Ne t\u00fcr bir hikaye se\u00e7melisiniz?<br \/>\nM\u00fckemmel bir ak\u015fam hikayesi \u015f\u00f6yle olmal\u0131d\u0131r:<br \/>\nK\u0131sa ve sakin. Gergin olay \u00f6rg\u00fclerinden ve korkutucu karakterlerden ka\u00e7\u0131n\u0131n.<br \/>\nNazik ve mutlu sonlu. Bu, \u00e7ocu\u011funuzun olumlu duygularla uykuya dalmas\u0131n\u0131 garanti eder.<br \/>\nHuzura odaklanm\u0131\u015f. Uyku, gece, ay, y\u0131ld\u0131zlar ve uyuyan hayvanlar hakk\u0131nda hikayeler idealdir.<\/p>\n<p>Ebeveynlere tavsiyeler: Zevkle okuyun, ses tonunuzu de\u011fi\u015ftirin ve do\u011fa\u00e7lama yapmaktan korkmay\u0131n. Bir kitapla birlikte ge\u00e7irdi\u011finiz bu dakikalar, bebe\u011finizin mutlu \u00e7ocuklu\u011funa paha bi\u00e7ilmez bir katk\u0131 sa\u011flar.<\/p>\n<p>Yeni bir dizi b\u00fcy\u00fcl\u00fc yatma zaman\u0131 hikayesi i\u00e7in web sitemizi ziyaret edin.<\/p>\n","protected":false},"featured_media":10426,"comment_status":"open","ping_status":"closed","template":"","meta":[],"product_brand":[],"product_cat":[1098],"product_tag":[1619,1617,1620,1621,1623,1618,1622,1616],"class_list":{"0":"post-10417","1":"product","2":"type-product","3":"status-publish","4":"has-post-thumbnail","6":"product_cat-daha-fazla-okumaa","7":"product_tag-aile-okumalari","8":"product_tag-cocuk-kitaplari","9":"product_tag-cocuklarin-uyku-rutini","10":"product_tag-iyi-geceler-hikayeleri","11":"product_tag-kisa-yatmadan-once-okunacak-hikayeler","12":"product_tag-sakinlestirici-hikayeler","13":"product_tag-sakinlestirici-hikayeler-tr","14":"product_tag-yatmadan-once-okunacak-hikayeler","15":"pa_tip-b-basili","17":"first","18":"instock","19":"shipping-taxable","20":"purchasable","21":"product-type-simple"},"_links":{"self":[{"href":"https:\/\/nickyakademi.com.tr\/tr\/wp-json\/wp\/v2\/product\/10417","targetHints":{"allow":["GET"]}}],"collection":[{"href":"https:\/\/nickyakademi.com.tr\/tr\/wp-json\/wp\/v2\/product"}],"about":[{"href":"https:\/\/nickyakademi.com.tr\/tr\/wp-json\/wp\/v2\/types\/product"}],"replies":[{"embeddable":true,"href":"https:\/\/nickyakademi.com.tr\/tr\/wp-json\/wp\/v2\/comments?post=10417"}],"wp:featuredmedia":[{"embeddable":true,"href":"https:\/\/nickyakademi.com.tr\/tr\/wp-json\/wp\/v2\/media\/10426"}],"wp:attachment":[{"href":"https:\/\/nickyakademi.com.tr\/tr\/wp-json\/wp\/v2\/media?parent=10417"}],"wp:term":[{"taxonomy":"product_brand","embeddable":true,"href":"https:\/\/nickyakademi.com.tr\/tr\/wp-json\/wp\/v2\/product_brand?post=10417"},{"taxonomy":"product_cat","embeddable":true,"href":"https:\/\/nickyakademi.com.tr\/tr\/wp-json\/wp\/v2\/product_cat?post=10417"},{"taxonomy":"product_tag","embeddable":true,"href":"https:\/\/nickyakademi.com.tr\/tr\/wp-json\/wp\/v2\/product_tag?post=10417"}],"curies":[{"name":"wp","href":"https:\/\/api.w.org\/{rel}","templated":true}]}}