{"id":10289,"date":"2025-10-15T08:03:17","date_gmt":"2025-10-15T08:03:17","guid":{"rendered":"https:\/\/nickyakademi.com.tr\/product\/kurs-6-saglikli-zayiflama-formumuzu-kendimiz-yonetiyoruz-course-5-the-create10-series\/"},"modified":"2025-10-15T08:21:41","modified_gmt":"2025-10-15T08:21:41","slug":"kurs-6-saglikli-zayiflama-formumuzu-kendimiz-yonetiyoruz-course-5-the-create10-series","status":"publish","type":"product","link":"https:\/\/nickyakademi.com.tr\/tr\/urun\/kurs-6-saglikli-zayiflama-formumuzu-kendimiz-yonetiyoruz-course-5-the-create10-series\/","title":{"rendered":"Kurs 6: Sa\u011fl\u0131kl\u0131 Zay\u0131flama: Formumuzu Kendimiz Y\u00f6netiyoruz! (Course 5. The Create10 Series)"},"content":{"rendered":"","protected":false},"excerpt":{"rendered":"<p>&#8220;Create10 Serisi&#8221;<\/p>\n<p>Kurs 6:<br \/>\nSa\u011fl\u0131kl\u0131 Zay\u0131flama:<br \/>\nFormumuzu Kendimiz Y\u00f6netiyoruz!<br \/>\nB\u00f6l\u00fcmler: 10. Sayfa: 40.<\/p>\n<p>Gen\u00e7ler \u0130\u00e7in Sa\u011fl\u0131kl\u0131 Al\u0131\u015fkanl\u0131klar ve Hafiflik D\u00fcnyas\u0131na Ba\u015flang\u0131\u00e7<\/p>\n<p>Merhaba, gelece\u011fin v\u00fccut dostu!<br \/>\nKendini hafif ve \u00f6zg\u00fcvenli hissetmek, diyet yapmak yerine lezzetli ve sa\u011fl\u0131kl\u0131 beslenmeyi \u00f6\u011frenmek ister misin? Bu kurs, sa\u011fl\u0131kl\u0131 bir v\u00fccuda ve kendinle uyum i\u00e7inde olmaya a\u00e7\u0131lan anahtar\u0131n!<\/p>\n","protected":false},"featured_media":10260,"comment_status":"open","ping_status":"closed","template":"","meta":[],"product_brand":[255],"product_cat":[746],"product_tag":[1496,1498,1537,1561,1573,1586,1585,1369,1532,1583,1582,1587,1584,1372],"class_list":{"0":"post-10289","1":"product","2":"type-product","3":"status-publish","4":"has-post-thumbnail","6":"product_brand-reading-with-nicky","7":"product_cat-kisisel-gelisim","8":"product_tag-create10-serisi","9":"product_tag-dunyaya-giris","10":"product_tag-gelecekteki-meraklilar","11":"product_tag-gencler","12":"product_tag-giris","13":"product_tag-guven","14":"product_tag-hafiflik","15":"product_tag-ilham","16":"product_tag-kendini-ifade-etme","17":"product_tag-saglikli-aliskanliklar","18":"product_tag-saglikli-kilo-kaybi","19":"product_tag-sekil-yonetimi","20":"product_tag-vucuda-dost","21":"product_tag-yaraticilik","22":"pa_tip-b-basili","24":"first","25":"instock","26":"shipping-taxable","27":"purchasable","28":"product-type-simple"},"_links":{"self":[{"href":"https:\/\/nickyakademi.com.tr\/tr\/wp-json\/wp\/v2\/product\/10289","targetHints":{"allow":["GET"]}}],"collection":[{"href":"https:\/\/nickyakademi.com.tr\/tr\/wp-json\/wp\/v2\/product"}],"about":[{"href":"https:\/\/nickyakademi.com.tr\/tr\/wp-json\/wp\/v2\/types\/product"}],"replies":[{"embeddable":true,"href":"https:\/\/nickyakademi.com.tr\/tr\/wp-json\/wp\/v2\/comments?post=10289"}],"wp:featuredmedia":[{"embeddable":true,"href":"https:\/\/nickyakademi.com.tr\/tr\/wp-json\/wp\/v2\/media\/10260"}],"wp:attachment":[{"href":"https:\/\/nickyakademi.com.tr\/tr\/wp-json\/wp\/v2\/media?parent=10289"}],"wp:term":[{"taxonomy":"product_brand","embeddable":true,"href":"https:\/\/nickyakademi.com.tr\/tr\/wp-json\/wp\/v2\/product_brand?post=10289"},{"taxonomy":"product_cat","embeddable":true,"href":"https:\/\/nickyakademi.com.tr\/tr\/wp-json\/wp\/v2\/product_cat?post=10289"},{"taxonomy":"product_tag","embeddable":true,"href":"https:\/\/nickyakademi.com.tr\/tr\/wp-json\/wp\/v2\/product_tag?post=10289"}],"curies":[{"name":"wp","href":"https:\/\/api.w.org\/{rel}","templated":true}]}}