{"id":10287,"date":"2025-10-15T07:51:39","date_gmt":"2025-10-15T07:51:39","guid":{"rendered":"https:\/\/nickyakademi.com.tr\/product\/kurs-5-cicek-duzenleme-buketlerimizi-kendimiz-yapiyoruz-course-5-the-create10-series\/"},"modified":"2025-10-15T08:02:41","modified_gmt":"2025-10-15T08:02:41","slug":"kurs-5-cicek-duzenleme-buketlerimizi-kendimiz-yapiyoruz-course-5-the-create10-series","status":"publish","type":"product","link":"https:\/\/nickyakademi.com.tr\/tr\/urun\/kurs-5-cicek-duzenleme-buketlerimizi-kendimiz-yapiyoruz-course-5-the-create10-series\/","title":{"rendered":"Kurs 5: \u00c7i\u00e7ek D\u00fczenleme: Buketlerimizi Kendimiz Yap\u0131yoruz! (Course 5. The Create10 Series))"},"content":{"rendered":"","protected":false},"excerpt":{"rendered":"<p>&#8220;Create10 Serisi&#8221;<\/p>\n<p>Kurs 5:<br \/>\n\u00c7i\u00e7ek D\u00fczenleme:<br \/>\nBuketlerimizi Kendimiz Yap\u0131yoruz!<br \/>\nB\u00f6l\u00fcmler: 10. Sayfa: 40.<\/p>\n<p>Gen\u00e7ler \u0130\u00e7in \u00c7i\u00e7ekler ve Uyum D\u00fcnyas\u0131na Ba\u015flang\u0131\u00e7<\/p>\n<p>Merhaba, gelece\u011fin \u00e7i\u00e7ek uzman\u0131!<br \/>\nKendin ve hediye i\u00e7in m\u00fckemmel buketler yaratmak i\u00e7in renkleri ve dokular\u0131 birle\u015ftirmeyi \u00f6\u011frenmek ister misin? Bu kurs, \u00e7i\u00e7ek d\u00fczenlemenin renkli ve ilham verici d\u00fcnyas\u0131na a\u00e7\u0131lan anahtar\u0131n!<\/p>\n","protected":false},"featured_media":10263,"comment_status":"open","ping_status":"closed","template":"","meta":[],"product_brand":[255],"product_cat":[746],"product_tag":[1572,1571,1496,1498,1537,1561,1573,1369,1532,1560,1574,1575,1372],"class_list":{"0":"post-10287","1":"product","2":"type-product","3":"status-publish","4":"has-post-thumbnail","6":"product_brand-reading-with-nicky","7":"product_cat-kisisel-gelisim","8":"product_tag-buket-olusturma","9":"product_tag-cicek-aranjmani","10":"product_tag-create10-serisi","11":"product_tag-dunyaya-giris","12":"product_tag-gelecekteki-meraklilar","13":"product_tag-gencler","14":"product_tag-giris","15":"product_tag-ilham","16":"product_tag-kendini-ifade-etme","17":"product_tag-organizasyon","18":"product_tag-renk-ve-doku","19":"product_tag-uyum","20":"product_tag-yaraticilik","21":"pa_tip-b-basili","23":"first","24":"instock","25":"shipping-taxable","26":"purchasable","27":"product-type-simple"},"_links":{"self":[{"href":"https:\/\/nickyakademi.com.tr\/tr\/wp-json\/wp\/v2\/product\/10287","targetHints":{"allow":["GET"]}}],"collection":[{"href":"https:\/\/nickyakademi.com.tr\/tr\/wp-json\/wp\/v2\/product"}],"about":[{"href":"https:\/\/nickyakademi.com.tr\/tr\/wp-json\/wp\/v2\/types\/product"}],"replies":[{"embeddable":true,"href":"https:\/\/nickyakademi.com.tr\/tr\/wp-json\/wp\/v2\/comments?post=10287"}],"wp:featuredmedia":[{"embeddable":true,"href":"https:\/\/nickyakademi.com.tr\/tr\/wp-json\/wp\/v2\/media\/10263"}],"wp:attachment":[{"href":"https:\/\/nickyakademi.com.tr\/tr\/wp-json\/wp\/v2\/media?parent=10287"}],"wp:term":[{"taxonomy":"product_brand","embeddable":true,"href":"https:\/\/nickyakademi.com.tr\/tr\/wp-json\/wp\/v2\/product_brand?post=10287"},{"taxonomy":"product_cat","embeddable":true,"href":"https:\/\/nickyakademi.com.tr\/tr\/wp-json\/wp\/v2\/product_cat?post=10287"},{"taxonomy":"product_tag","embeddable":true,"href":"https:\/\/nickyakademi.com.tr\/tr\/wp-json\/wp\/v2\/product_tag?post=10287"}],"curies":[{"name":"wp","href":"https:\/\/api.w.org\/{rel}","templated":true}]}}