{"id":10284,"date":"2025-10-15T07:35:28","date_gmt":"2025-10-15T07:35:28","guid":{"rendered":"https:\/\/nickyakademi.com.tr\/product\/kurs-4-temizlik-ve-duzen-kursu-duzenimizi-kendimiz-yaratiyoruz-course-4-the-create10-series\/"},"modified":"2025-10-15T07:49:40","modified_gmt":"2025-10-15T07:49:40","slug":"kurs-4-temizlik-ve-duzen-kursu-duzenimizi-kendimiz-yaratiyoruz-course-4-the-create10-series","status":"publish","type":"product","link":"https:\/\/nickyakademi.com.tr\/tr\/urun\/kurs-4-temizlik-ve-duzen-kursu-duzenimizi-kendimiz-yaratiyoruz-course-4-the-create10-series\/","title":{"rendered":"Kurs 4 Temizlik ve D\u00fczen Kursu: D\u00fczenimizi Kendimiz Yarat\u0131yoruz! (Course 4, The Create10 Series)"},"content":{"rendered":"","protected":false},"excerpt":{"rendered":"<p>&#8220;Create10 Serisi&#8221;<\/p>\n<p>Kurs 4<br \/>\nTemizlik ve D\u00fczen Kursu:<br \/>\nD\u00fczenimizi Kendimiz Yarat\u0131yoruz!<br \/>\nB\u00f6l\u00fcmler: 10. Sayfa: 40.<\/p>\n<p>Gen\u00e7ler \u0130\u00e7in Temizlik ve Uyum D\u00fcnyas\u0131na Ba\u015flang\u0131\u00e7<\/p>\n<p>Merhaba, gelece\u011fin d\u00fczen ustas\u0131!<br \/>\nOdandaki da\u011f\u0131n\u0131kl\u0131\u011f\u0131n kafandaki netli\u011fi engelledi\u011fini mi hissediyorsun? H\u0131zl\u0131ca toparlanmay\u0131 ve zahmetsizce d\u00fczeni korumay\u0131 \u00f6\u011frenmek ister misin? Bu kurs, mekan\u0131nda temizli\u011fe ve huzura a\u00e7\u0131lan anahtar\u0131n!<\/p>\n","protected":false},"featured_media":10266,"comment_status":"open","ping_status":"closed","template":"","meta":[],"product_brand":[255],"product_cat":[746],"product_tag":[1565,1496,1498,1562,1559,1537,1561,1531,1532,1560,1563,1372,1564],"class_list":{"0":"post-10284","1":"product","2":"type-product","3":"status-publish","4":"has-post-thumbnail","6":"product_brand-reading-with-nicky","7":"product_cat-kisisel-gelisim","8":"product_tag-alan","9":"product_tag-create10-serisi","10":"product_tag-dunyaya-giris","11":"product_tag-duzen","12":"product_tag-duzenlilik","13":"product_tag-gelecekteki-meraklilar","14":"product_tag-gencler","15":"product_tag-gencler-icin-stil","16":"product_tag-kendini-ifade-etme","17":"product_tag-organizasyon","18":"product_tag-temizlik","19":"product_tag-yaraticilik","20":"product_tag-zihinsel-berraklik","21":"pa_tip-b-basili","23":"first","24":"instock","25":"shipping-taxable","26":"purchasable","27":"product-type-simple"},"_links":{"self":[{"href":"https:\/\/nickyakademi.com.tr\/tr\/wp-json\/wp\/v2\/product\/10284","targetHints":{"allow":["GET"]}}],"collection":[{"href":"https:\/\/nickyakademi.com.tr\/tr\/wp-json\/wp\/v2\/product"}],"about":[{"href":"https:\/\/nickyakademi.com.tr\/tr\/wp-json\/wp\/v2\/types\/product"}],"replies":[{"embeddable":true,"href":"https:\/\/nickyakademi.com.tr\/tr\/wp-json\/wp\/v2\/comments?post=10284"}],"wp:featuredmedia":[{"embeddable":true,"href":"https:\/\/nickyakademi.com.tr\/tr\/wp-json\/wp\/v2\/media\/10266"}],"wp:attachment":[{"href":"https:\/\/nickyakademi.com.tr\/tr\/wp-json\/wp\/v2\/media?parent=10284"}],"wp:term":[{"taxonomy":"product_brand","embeddable":true,"href":"https:\/\/nickyakademi.com.tr\/tr\/wp-json\/wp\/v2\/product_brand?post=10284"},{"taxonomy":"product_cat","embeddable":true,"href":"https:\/\/nickyakademi.com.tr\/tr\/wp-json\/wp\/v2\/product_cat?post=10284"},{"taxonomy":"product_tag","embeddable":true,"href":"https:\/\/nickyakademi.com.tr\/tr\/wp-json\/wp\/v2\/product_tag?post=10284"}],"curies":[{"name":"wp","href":"https:\/\/api.w.org\/{rel}","templated":true}]}}