{"id":10282,"date":"2025-10-15T07:14:05","date_gmt":"2025-10-15T07:14:05","guid":{"rendered":"https:\/\/nickyakademi.com.tr\/product\/kurs-3-senin-tarzin-senin-oyunun-course-3-the-create10-series\/"},"modified":"2025-10-15T07:33:13","modified_gmt":"2025-10-15T07:33:13","slug":"kurs-3-senin-tarzin-senin-oyunun-course-3-the-create10-series","status":"publish","type":"product","link":"https:\/\/nickyakademi.com.tr\/tr\/urun\/kurs-3-senin-tarzin-senin-oyunun-course-3-the-create10-series\/","title":{"rendered":"Kurs 3: Senin Tarz\u0131n &#8211; Senin Oyunun! (Course 3: The Create10 Series)"},"content":{"rendered":"","protected":false},"excerpt":{"rendered":"<p>&#8220;Create10 Serisi&#8221;<\/p>\n<p>Kurs 3:<br \/>\nSenin Tarz\u0131n &#8211; Senin Oyunun!<br \/>\nGen\u00e7 Stilistler \u0130\u00e7in Moda Rehberi (10 Ad\u0131m)<br \/>\nB\u00f6l\u00fcmler: 10. Sayfa: 40.<\/p>\n<p>Merhaba gen\u00e7 stilist!<\/p>\n<p>Dress-up (giydirme) oyunlar\u0131n\u0131 seviyor musun? Bu kurs, sanal moda maceralar\u0131nda \u0131\u015f\u0131l \u0131\u015f\u0131l parlamak i\u00e7in \u00f6zel haz\u0131rland\u0131! 10 ad\u0131mda 10 moda s\u0131rr\u0131. Hadi ba\u015flayal\u0131m!<\/p>\n","protected":false},"featured_media":10269,"comment_status":"open","ping_status":"closed","template":"","meta":[],"product_brand":[255],"product_cat":[746],"product_tag":[1496,1498,1537,1549,1531,1533,1541,1532,1550,1548,1551,1543,1372],"class_list":{"0":"post-10282","1":"product","2":"type-product","3":"status-publish","4":"has-post-thumbnail","6":"product_brand-reading-with-nicky","7":"product_cat-kisisel-gelisim","8":"product_tag-create10-serisi","9":"product_tag-dunyaya-giris","10":"product_tag-gelecekteki-meraklilar","11":"product_tag-genc-stilistler","12":"product_tag-gencler-icin-stil","13":"product_tag-guzel-ozellikler","14":"product_tag-guzellik","15":"product_tag-kendini-ifade-etme","16":"product_tag-kisisel-tarz","17":"product_tag-moda-rehberi","18":"product_tag-sanal-moda","19":"product_tag-yaratici-kendini-ifade-etme","20":"product_tag-yaraticilik","21":"pa_tip-b-basili","23":"first","24":"instock","25":"shipping-taxable","26":"purchasable","27":"product-type-simple"},"_links":{"self":[{"href":"https:\/\/nickyakademi.com.tr\/tr\/wp-json\/wp\/v2\/product\/10282","targetHints":{"allow":["GET"]}}],"collection":[{"href":"https:\/\/nickyakademi.com.tr\/tr\/wp-json\/wp\/v2\/product"}],"about":[{"href":"https:\/\/nickyakademi.com.tr\/tr\/wp-json\/wp\/v2\/types\/product"}],"replies":[{"embeddable":true,"href":"https:\/\/nickyakademi.com.tr\/tr\/wp-json\/wp\/v2\/comments?post=10282"}],"wp:featuredmedia":[{"embeddable":true,"href":"https:\/\/nickyakademi.com.tr\/tr\/wp-json\/wp\/v2\/media\/10269"}],"wp:attachment":[{"href":"https:\/\/nickyakademi.com.tr\/tr\/wp-json\/wp\/v2\/media?parent=10282"}],"wp:term":[{"taxonomy":"product_brand","embeddable":true,"href":"https:\/\/nickyakademi.com.tr\/tr\/wp-json\/wp\/v2\/product_brand?post=10282"},{"taxonomy":"product_cat","embeddable":true,"href":"https:\/\/nickyakademi.com.tr\/tr\/wp-json\/wp\/v2\/product_cat?post=10282"},{"taxonomy":"product_tag","embeddable":true,"href":"https:\/\/nickyakademi.com.tr\/tr\/wp-json\/wp\/v2\/product_tag?post=10282"}],"curies":[{"name":"wp","href":"https:\/\/api.w.org\/{rel}","templated":true}]}}