{"id":10280,"date":"2025-10-14T07:12:57","date_gmt":"2025-10-14T07:12:57","guid":{"rendered":"https:\/\/nickyakademi.com.tr\/product\/kurs-2-makyajin-temel-felsefesi-guzelligini-vurgula-course-2-the-create10-series\/"},"modified":"2025-10-15T07:12:51","modified_gmt":"2025-10-15T07:12:51","slug":"kurs-2-makyajin-temel-felsefesi-guzelligini-vurgula-course-2-the-create10-series","status":"publish","type":"product","link":"https:\/\/nickyakademi.com.tr\/tr\/urun\/kurs-2-makyajin-temel-felsefesi-guzelligini-vurgula-course-2-the-create10-series\/","title":{"rendered":"Kurs 2: Makyaj\u0131n Temel Felsefesi: G\u00fczelli\u011fini Vurgula! (Course 2, The Create10 Series)"},"content":{"rendered":"","protected":false},"excerpt":{"rendered":"<p>&#8220;Create10 Serisi&#8221;<\/p>\n<p>Kurs 2:<br \/>\nMakyaj\u0131n Temel Felsefesi: G\u00fczelli\u011fini Vurgula!<br \/>\nGen\u00e7ler \u0130\u00e7in Renk ve Stil D\u00fcnyas\u0131na Ba\u015flang\u0131\u00e7<\/p>\n<p>B\u00f6l\u00fcmler: 10. Sayfa: 40.<\/p>\n<p>Merhaba, gelece\u011fin makyaj tutkunu!<br \/>\nKendini ifade etmeyi, en g\u00fczel \u00f6zelliklerini \u00f6ne \u00e7\u0131karmay\u0131 veya sadece keyif i\u00e7in farkl\u0131 makyajlar denemeyi mi hayal ediyorsun? Bu kurs \u2013 b\u00fcy\u00fcleyici makyaj d\u00fcnyas\u0131na anahtar\u0131n!<\/p>\n","protected":false},"featured_media":10272,"comment_status":"open","ping_status":"closed","template":"","meta":[],"product_brand":[255],"product_cat":[746],"product_tag":[1505,1506,1496,1498,1534,1537,1542,1540,1531,1533,1529,1541,1538,1507,1532,1527,1526,1539,1535,1530,1528,1543,1372,1536],"class_list":{"0":"post-10280","1":"product","2":"type-product","3":"status-publish","4":"has-post-thumbnail","6":"product_brand-reading-with-nicky","7":"product_cat-kisisel-gelisim","8":"product_tag-anahtariniz","9":"product_tag-buyuleyici-dunya","10":"product_tag-create10-serisi","11":"product_tag-dunyaya-giris","12":"product_tag-farkli-gorunumler","13":"product_tag-gelecekteki-meraklilar","14":"product_tag-genc-makyaji","15":"product_tag-genc-yetiskinler","16":"product_tag-gencler-icin-stil","17":"product_tag-guzel-ozellikler","18":"product_tag-guzelliginizi-vurgulayin","19":"product_tag-guzellik","20":"product_tag-guzellik-kursu","21":"product_tag-kaliplar-ve-dikis","22":"product_tag-kendini-ifade-etme","23":"product_tag-makyaj-felsefesi","24":"product_tag-makyaj-kursu","25":"product_tag-makyaj-sanati","26":"product_tag-makyaja-giris","27":"product_tag-renklerin-dunyasi","28":"product_tag-temel-makyaj","29":"product_tag-yaratici-kendini-ifade-etme","30":"product_tag-yaraticilik","31":"product_tag-yeni-baslayanlar-icin-makyaj","32":"pa_tip-b-basili","34":"first","35":"instock","36":"shipping-taxable","37":"purchasable","38":"product-type-simple"},"_links":{"self":[{"href":"https:\/\/nickyakademi.com.tr\/tr\/wp-json\/wp\/v2\/product\/10280","targetHints":{"allow":["GET"]}}],"collection":[{"href":"https:\/\/nickyakademi.com.tr\/tr\/wp-json\/wp\/v2\/product"}],"about":[{"href":"https:\/\/nickyakademi.com.tr\/tr\/wp-json\/wp\/v2\/types\/product"}],"replies":[{"embeddable":true,"href":"https:\/\/nickyakademi.com.tr\/tr\/wp-json\/wp\/v2\/comments?post=10280"}],"wp:featuredmedia":[{"embeddable":true,"href":"https:\/\/nickyakademi.com.tr\/tr\/wp-json\/wp\/v2\/media\/10272"}],"wp:attachment":[{"href":"https:\/\/nickyakademi.com.tr\/tr\/wp-json\/wp\/v2\/media?parent=10280"}],"wp:term":[{"taxonomy":"product_brand","embeddable":true,"href":"https:\/\/nickyakademi.com.tr\/tr\/wp-json\/wp\/v2\/product_brand?post=10280"},{"taxonomy":"product_cat","embeddable":true,"href":"https:\/\/nickyakademi.com.tr\/tr\/wp-json\/wp\/v2\/product_cat?post=10280"},{"taxonomy":"product_tag","embeddable":true,"href":"https:\/\/nickyakademi.com.tr\/tr\/wp-json\/wp\/v2\/product_tag?post=10280"}],"curies":[{"name":"wp","href":"https:\/\/api.w.org\/{rel}","templated":true}]}}