{"id":10276,"date":"2025-10-13T12:36:02","date_gmt":"2025-10-13T12:36:02","guid":{"rendered":"https:\/\/nickyakademi.com.tr\/product\/kurs-1-kendi-ellerimizle-dikiyoruz-kurs-1-kendi-ellerimizle-dikiyoruz\/"},"modified":"2025-10-13T12:36:02","modified_gmt":"2025-10-13T12:36:02","slug":"kurs-1-kendi-ellerimizle-dikiyoruz-kurs-1-kendi-ellerimizle-dikiyoruz","status":"publish","type":"product","link":"https:\/\/nickyakademi.com.tr\/tr\/urun\/kurs-1-kendi-ellerimizle-dikiyoruz-kurs-1-kendi-ellerimizle-dikiyoruz\/","title":{"rendered":"Kurs 1: Kendi Ellerimizle Dikiyoruz! (Kurs 1: Kendi Ellerimizle Dikiyoruz!)"},"content":{"rendered":"","protected":false},"excerpt":{"rendered":"<p>&#8220;Create10 Serisi&#8221;<br \/>\nKurs 1:<br \/>\nWe Sew with Our Own Hands!<br \/>\nGen\u00e7ler \u0130\u00e7in Kal\u0131p ve Diki\u015f D\u00fcnyas\u0131na Ba\u015flang\u0131\u00e7.<br \/>\nB\u00f6l\u00fcmler: 10. Sayfa say\u0131s\u0131: 48 sayfa.<\/p>\n<p>Merhaba, gelecekteki moda tasar\u0131mc\u0131s\u0131!<\/p>\n<p>Benzersiz \u015feyler yaratmay\u0131, eski k\u0131yafetleri yenilemeyi veya sadece keyif i\u00e7in diki\u015f dikmeyi mi hayal ediyorsun? Bu kurs \u2013 b\u00fcy\u00fcleyici kal\u0131p ve diki\u015f d\u00fcnyas\u0131na anahtar\u0131n!<\/p>\n","protected":false},"featured_media":10275,"comment_status":"open","ping_status":"closed","template":"","meta":[],"product_brand":[],"product_cat":[746],"product_tag":[1505,1502,1506,1496,1498,1503,1501,1500,1499,1507,1497,1504],"class_list":{"0":"post-10276","1":"product","2":"type-product","3":"status-publish","4":"has-post-thumbnail","6":"product_cat-kisisel-gelisim","7":"product_tag-anahtariniz","8":"product_tag-benzersiz-seyler-yaratmak","9":"product_tag-buyuleyici-dunya","10":"product_tag-create10-serisi","11":"product_tag-dunyaya-giris","12":"product_tag-eski-kiyafetleri-yenilemek","13":"product_tag-gelecegin-moda-tasarimcisi","14":"product_tag-gencler-icin-dikis","15":"product_tag-kalip-hazirlama","16":"product_tag-kaliplar-ve-dikis","17":"product_tag-kendi-ellerimizle-dikiyoruz","18":"product_tag-sadece-eglence-icin-dikis","19":"pa_tip-b-basili","21":"first","22":"instock","23":"shipping-taxable","24":"purchasable","25":"product-type-simple"},"_links":{"self":[{"href":"https:\/\/nickyakademi.com.tr\/tr\/wp-json\/wp\/v2\/product\/10276","targetHints":{"allow":["GET"]}}],"collection":[{"href":"https:\/\/nickyakademi.com.tr\/tr\/wp-json\/wp\/v2\/product"}],"about":[{"href":"https:\/\/nickyakademi.com.tr\/tr\/wp-json\/wp\/v2\/types\/product"}],"replies":[{"embeddable":true,"href":"https:\/\/nickyakademi.com.tr\/tr\/wp-json\/wp\/v2\/comments?post=10276"}],"wp:featuredmedia":[{"embeddable":true,"href":"https:\/\/nickyakademi.com.tr\/tr\/wp-json\/wp\/v2\/media\/10275"}],"wp:attachment":[{"href":"https:\/\/nickyakademi.com.tr\/tr\/wp-json\/wp\/v2\/media?parent=10276"}],"wp:term":[{"taxonomy":"product_brand","embeddable":true,"href":"https:\/\/nickyakademi.com.tr\/tr\/wp-json\/wp\/v2\/product_brand?post=10276"},{"taxonomy":"product_cat","embeddable":true,"href":"https:\/\/nickyakademi.com.tr\/tr\/wp-json\/wp\/v2\/product_cat?post=10276"},{"taxonomy":"product_tag","embeddable":true,"href":"https:\/\/nickyakademi.com.tr\/tr\/wp-json\/wp\/v2\/product_tag?post=10276"}],"curies":[{"name":"wp","href":"https:\/\/api.w.org\/{rel}","templated":true}]}}