{"id":10244,"date":"2025-10-13T10:20:20","date_gmt":"2025-10-13T10:20:20","guid":{"rendered":"https:\/\/nickyakademi.com.tr\/product\/the-expectant-mums-diary-anne-adayinin-gunlugu-english\/"},"modified":"2025-10-13T10:29:54","modified_gmt":"2025-10-13T10:29:54","slug":"the-expectant-mums-diary-anne-adayinin-gunlugu-english","status":"publish","type":"product","link":"https:\/\/nickyakademi.com.tr\/tr\/urun\/the-expectant-mums-diary-anne-adayinin-gunlugu-english\/","title":{"rendered":"The Expectant Mum&#8217;s diary (Anne Aday\u0131n\u0131n G\u00fcnl\u00fc\u011f\u00fc) English"},"content":{"rendered":"<p>Hamilelik g\u00fcnl\u00fc\u011f\u00fc tutmak, e\u015fsiz an\u0131lar biriktirmek, de\u011fi\u015fiklikleri takip etmek ve durumunuzu daha iyi anlamak i\u00e7in harika bir yoldur.<\/p>\n<p>Temel ilkeler \u015funlard\u0131r:<\/p>\n<p>1. Bu S\u0130Z\u0130N g\u00fcnl\u00fc\u011f\u00fcn\u00fcz: kat\u0131 kurallar yoktur. \u0130stedi\u011finiz zaman, istedi\u011finiz konuda, istedi\u011finiz bi\u00e7imde (metin, liste, \u00e7izim, kolaj, foto\u011fraf) yaz\u0131n.<br \/>\n2. D\u00fczenlilik (istedi\u011finiz gibi): her g\u00fcn, haftada bir kez (\u00f6rne\u011fin hamilelik haftas\u0131n\u0131n de\u011fi\u015fti\u011fi g\u00fcn), her doktor ziyaretinde veya ruh haliniz\/g\u00fcc\u00fcn\u00fcz yerinde oldu\u011funda yazabilirsiniz.<br \/>\n3. Gizlilik: d\u00fcr\u00fcst\u00e7e yaz\u0131n, bu sizin ki\u015fisel alan\u0131n\u0131z.<br \/>\n4. Yarat\u0131c\u0131l\u0131k: renkli kalemler, \u00e7\u0131kartmalar kullan\u0131n, ultrason foto\u011fraf\u0131 yap\u0131\u015ft\u0131r\u0131n, kat\u0131ld\u0131\u011f\u0131n\u0131z bir konserin biletleri, kurutulmu\u015f bir \u00e7i\u00e7ek&#8230;. g\u00f6rsel olarak ho\u015f hale getirin.<\/p>\n<p>G\u00fcnl\u00fck yap\u0131s\u0131:<\/p>\n<p>B\u00f6l\u00fcm 1. Yolun Ba\u015flang\u0131c\u0131 (Planlama veya en erken zaman dilimi)<\/p>\n<p>&#8211; G\u00fcnl\u00fc\u011f\u00fcn ba\u015flad\u0131\u011f\u0131 tarih.<br \/>\n&#8211; Gebe kalma \u00f6yk\u00fcs\u00fc (e\u011fer istekli ve rahatsan\u0131z): nas\u0131l \u00f6\u011frendiniz? Sizin ve e\u015finizin tepkileri? \u0130lk g\u00fcnlerdeki\/haftalardaki duygular.<br \/>\n&#8211; \u0130lk d\u00fc\u015f\u00fcnceler ve duygular: Sevin\u00e7, korku, inan\u00e7s\u0131zl\u0131k, co\u015fku, endi\u015fe.<br \/>\n&#8211; \u0130lk ad\u0131mlar: Doktor randevusu, ilk test (bir foto\u011fraf yap\u0131\u015ft\u0131rabilirsiniz!), sevdiklerinize s\u00f6ylemek.<\/p>\n<p>B\u00f6l\u00fcm 2. Ana B\u00f6l\u00fcm (Hafta Hafta \/ Trimester Trimester).<\/p>\n<p>1. Zorunlu Bilgiler (takip i\u00e7in):<\/p>\n<p>&#8211; Kay\u0131t Tarihi \/ Gebelik Haftas\u0131: (\u00d6rne\u011fin: \u201c16 Temmuz 2025, 12+3 hafta\u201d).<br \/>\n&#8211; Fiziksel Durum:<br \/>\n&#8211; A\u011f\u0131rl\u0131k (ba\u015flang\u0131\u00e7, mevcut, kazan\u00e7).<br \/>\n&#8211; Kar\u0131n \u00e7evresi (iste\u011fe ba\u011fl\u0131, hangi hafta \u00f6l\u00e7meye ba\u015flad\u0131n\u0131z).<br \/>\n&#8211; Bu haftaki belirtiler: Mide bulant\u0131s\u0131, mide yanmas\u0131, yorgunluk, a\u011fr\u0131 (nerede?), meme de\u011fi\u015fiklikleri, i\u015ftah, tat tercihleri \/ tiksintileri, uyku, bebe\u011fin hareketleri (ne zaman ba\u015flad\u0131lar, ne s\u0131kl\u0131kta, nas\u0131l hissettiler).<br \/>\n&#8211; Genel refah (enerji, ruh hali).<br \/>\n&#8211; T\u0131bbi randevular:<br \/>\n&#8211; Randevu tarihi.<br \/>\n&#8211; Doktor\/klinik.<br \/>\n&#8211; Sonu\u00e7lar: Rahim boyutu, bebe\u011fin kalp at\u0131\u015f\u0131, kan bas\u0131nc\u0131n\u0131z, laboratuvar sonu\u00e7lar\u0131 (ba\u015flang\u0131\u00e7 d\u00fczeyi veya \u201cnormal\u201d).<br \/>\n&#8211; Ultrason (\u00f6zellikle \u00f6nemli!): Tarih, ultrasonun son tarihi, TO\/di\u011fer \u00f6l\u00e7\u00fcmler, cinsiyet (biliniyorsa), doktorun yorumlar\u0131, ultrasonun foto\u011fraflar\u0131n\u0131\/taramalar\u0131n\u0131 yap\u0131\u015ft\u0131r\u0131n! Ultrason s\u0131ras\u0131ndaki duygular\u0131n\u0131z\u0131 anlat\u0131n.<br \/>\n&#8211; Doktor re\u00e7eteleri (vitaminler, ila\u00e7lar, \u00f6neriler).<br \/>\n&#8211; V\u00fccut de\u011fi\u015fiklikleri: yeni bir \u015fey fark ettiniz mi? \u00c7atlaklar, pigmentasyon, g\u00f6bek deli\u011fi, kar\u0131n \u015fekli? Karn\u0131n\u0131z\u0131n ayl\u0131k foto\u011fraflar\u0131n\u0131 \u00e7ekebilir ve de\u011fi\u015fiklikleri yap\u0131\u015ft\u0131rabilir veya tan\u0131mlayabilirsiniz.<\/p>\n<p>2. Ki\u015fisel Deneyimler ve D\u00fc\u015f\u00fcnceler:<\/p>\n<p>&#8211; Duygular: bask\u0131n olan nedir? Sevin\u00e7, endi\u015fe, k\u0131zg\u0131nl\u0131k, sab\u0131rs\u0131zl\u0131k, i\u015f korkusu, sevgi? Neden?<br \/>\n&#8211; Bebekle ilgili d\u00fc\u015f\u00fcnceler: Onu nas\u0131l hayal ediyorsunuz? Hayalleriniz neler? Umutlar\u0131n\u0131z ve korkular\u0131n\u0131z neler?<br \/>\n&#8211; \u0130li\u015fkiler: E\u015finizle ili\u015fkiniz nas\u0131l de\u011fi\u015fti? Aile ve arkada\u015flarla ileti\u015fim? Destek mi yoksa yanl\u0131\u015f anlama m\u0131?<br \/>\n&#8211; R\u00fcyalar: Hamilelik veya bebekle ilgili unutulmaz r\u00fcyalar.<br \/>\n&#8211; Al\u0131\u015fveri\u015f ve haz\u0131rl\u0131k: Bebek i\u00e7in ne ald\u0131n\u0131z? \u00c7ocuk odas\u0131n\u0131 nas\u0131l d\u00fczenliyorsunuz? \u0130simler &#8211; favori se\u00e7imleriniz neler?<\/p>\n<p>3. Ya\u015fam \u00c7evresi:<\/p>\n<p>&#8211; Olaylar: Geziler, tatiller, bu s\u00fcre zarf\u0131nda ger\u00e7ekle\u015fen \u00f6nemli ya\u015fam olaylar\u0131.<br \/>\n&#8211; Yemek: \u00d6zellikle neyi sevdiniz\/sevmediniz? Haftan\u0131n en sevdi\u011finiz yeme\u011fi?<br \/>\n&#8211; Aktivite: Y\u00fcr\u00fcy\u00fc\u015f, yoga, y\u00fczme &#8211; ne yapt\u0131n\u0131z, nas\u0131l hissettiniz?<br \/>\n&#8211; \u0130\u015f\/\u00c7al\u0131\u015fma: nas\u0131l ba\u015fa \u00e7\u0131k\u0131yorsunuz? De\u011fi\u015fen bir \u015fey var m\u0131?<\/p>\n<p>4. Yarat\u0131c\u0131l\u0131k ve Takviyeler (\u0130ste\u011fe ba\u011fl\u0131, ancak \u00e7ok de\u011ferli):<\/p>\n<p>&#8211; Yeni y\u00fcr\u00fcmeye ba\u015flayan \u00e7ocu\u011funuza mektuplar: Ona bir mektup yaz\u0131n. Ona kendinizden, d\u00fcnyadan, duygular\u0131n\u0131zdan, beklentilerinizden bahsedin. Bu \u00fc\u00e7 ayda bir ya da can\u0131n\u0131z ne zaman isterse yap\u0131labilir.<br \/>\n&#8211; Listeler: \u0130sim listesi, do\u011fum merkezine g\u00f6t\u00fcr\u00fclecek \u015feylerin listesi, do\u011fumdan \u00f6nce yap\u0131lacak \u015feylerin listesi, hediye listesi.<br \/>\n&#8211; Al\u0131nt\u0131lar\/\u015fiirler: Benimle rezonansa girmi\u015f olanlar.<br \/>\n&#8211; Foto\u011fraflar: Sadece ultrasonlar de\u011fil, karn\u0131n\u0131z, aile foto\u011fraflar\u0131, ziyaret edilen yerler.<br \/>\n&#8211; \u00c7izimler\/kolajlar: sizin veya e\u015finizin\/ b\u00fcy\u00fck \u00e7ocuklar\u0131n\u0131z\u0131n.<br \/>\n&#8211; K\u00fcp\u00fcrler: dergilerden, kartpostallardan &#8211; size ilham veren her \u015fey.<br \/>\n&#8211; Kontrol listeleri: Do\u011fumhaneye haz\u0131rlanma, \u00e7anta haz\u0131rlama.<\/p>\n<p>B\u00f6l\u00fcm 3. Son Yol (Son Haftalar ve Do\u011fum)<\/p>\n<p>&#8211; Do\u011fum \u00f6nc\u00fclleri: Ne zaman ve hangileri fark edilir?<br \/>\n&#8211; Do\u011fum g\u00fcn\u00fc (veya bir g\u00fcn \u00f6ncesi): son d\u00fc\u015f\u00fcnceler, beklentiler, korkular, umutlar.<br \/>\n&#8211; Do\u011fum ge\u00e7mi\u015fi: B\u00fcy\u00fck ve ayr\u0131 bir kay\u0131t! An\u0131lar\u0131n\u0131z tazeyken yapabildi\u011finiz kadar \u00e7ok \u015fey yazmaya \u00e7al\u0131\u015f\u0131n: kas\u0131lmalar ne zaman ba\u015flad\u0131? Hastaneye nas\u0131l gittiniz? Sizin doktorunuz kim? Her a\u015famada nas\u0131l hissetti\u011finiz (fiziksel ve duygusal olarak). Doktorlar\u0131n\/ebelerin davran\u0131\u015flar\u0131. Do\u011fum an\u0131. \u0130lk a\u011flama. \u0130lk s\u00f6zleriniz, duygular\u0131n\u0131z. \u0130lk emzirme. Bebe\u011fin a\u011f\u0131rl\u0131\u011f\u0131, boyu. Bebe\u011finizin ilk foto\u011fraf\u0131n\u0131 da ekleyin!<br \/>\n&#8211; Do\u011fumdan sonraki ilk g\u00fcnler\/saatler: Duygular, bebe\u011finizi tan\u0131mak, ilk zorluklar ve sevin\u00e7ler.<\/p>\n<p>B\u00f6l\u00fcm 4. Evde \u0130lk G\u00fcnler (\u0130ste\u011fe ba\u011fl\u0131, ancak mant\u0131kl\u0131)<\/p>\n<p>&#8211; Evde ilk izlenimler.<br \/>\n&#8211; Bebek ile temas kurulmas\u0131.<br \/>\n&#8211; Emzirme (varsa) &#8211; nas\u0131l kuruluyor?<br \/>\n&#8211; Rejim (ya da daha do\u011frusu, eksikli\u011fi.<br \/>\n&#8211; Duygusal durum (bebek h\u00fczn\u00fc, sevin\u00e7).<br \/>\n&#8211; Bebe\u011fe son mektup: art\u0131k o\/o burada!<\/p>\n<p>\u0130pu\u00e7lar\u0131:<\/p>\n<p>&#8211; Bug\u00fcn ba\u015flay\u0131n: son tarih \u00e7oktan gelmi\u015f olsa bile, hat\u0131rlad\u0131klar\u0131n\u0131z\u0131 yazmaya ba\u015flay\u0131n<br \/>\n&#8211; Kendinize bask\u0131 yapmay\u0131n: bir hafta ka\u00e7\u0131rd\u0131n\u0131z m\u0131? Sorun de\u011fil! Enerjiniz ve ilham\u0131n\u0131z oldu\u011funda yaz\u0131n.<br \/>\n&#8211; Partnerinizi de dahil edin: b\u0131rak\u0131n o da d\u00fc\u015f\u00fcncelerini yazs\u0131n, notlar als\u0131n, \u00e7izsin, sizin ve karn\u0131n\u0131z\u0131n foto\u011fraflar\u0131n\u0131 \u00e7eksin.<br \/>\n&#8211; &#8220;Eserleri&#8221; saklay\u0131n: Hamilelik testleri, do\u011fum hastanesinden gelen etiketler, ilk k\u0131vr\u0131lma &#8211; daha sonra bunlar\u0131 yap\u0131\u015ft\u0131r\u0131n veya g\u00fcnl\u00fc\u011f\u00fcn\u00fczle birlikte bir zarfta saklay\u0131n.<br \/>\n&#8211; HER \u015eEY\u0130 imzalay\u0131n ve tarih at\u0131n: ultrason foto\u011fraflar\u0131, doktor notlar\u0131 &#8211; daha sonra hat\u0131rlamak zor olacakt\u0131r.<\/p>\n<p>En \u00f6nemlisi: G\u00fcnl\u00fc\u011f\u00fcn\u00fcz size ne\u015fe getirmeli ve HERHANG\u0130 bir duyguyu ifade etmek i\u00e7in g\u00fcvenli bir yer olmal\u0131d\u0131r. Bu, \u015fimdi sizin i\u00e7in, bebe\u011finiz b\u00fcy\u00fcd\u00fc\u011f\u00fcnde onun i\u00e7in ve gelecek y\u0131llarda sizin haf\u0131zan\u0131z i\u00e7in paha bi\u00e7ilmez bir hediyedir.<br \/>\n\u0130yi \u015fanslar ve mutlu bir hamilelik ge\u00e7irin!<\/p>\n","protected":false},"excerpt":{"rendered":"<p>Anne aday\u0131n\u0131n g\u00fcnl\u00fc\u011f\u00fc &#8211; En b\u00fcy\u00fcl\u00fc yolculu\u011funuzun paha bi\u00e7ilmez bir kayd\u0131<\/p>\n<p>Hamileli\u011finizin en dokunakl\u0131 ve d\u00f6n\u00fc\u015ft\u00fcr\u00fcc\u00fc an\u0131lar\u0131n\u0131 saklay\u0131n. 112 sayfal\u0131k bu zarif tasar\u0131ml\u0131 g\u00fcnl\u00fck, b\u00fcy\u00fcyen bebe\u011finizle ve de\u011fi\u015fen kendinizle kutlamak, d\u00fc\u015f\u00fcnmek ve ba\u011flant\u0131 kurmak i\u00e7in size \u00f6zel bir alan sunar.<\/p>\n<p>G\u00fcnl\u00fc\u011f\u00fcm\u00fcz\u00fc \u00f6zel k\u0131lan nedir?<br \/>\nBu, sadece bir defterden daha fazlas\u0131, gelecekteki bir aile yadigar\u0131d\u0131r. Hem pratik bir rehber hem de yarat\u0131c\u0131 bir \u00e7\u0131k\u0131\u015f noktas\u0131 olacak \u015fekilde g\u00fczelce tasarlanm\u0131\u015ft\u0131r ve size \u015fu konularda yard\u0131mc\u0131 olur:<br \/>\nBebe\u011finizin b\u00fcy\u00fcmesini ve sa\u011fl\u0131\u011f\u0131n\u0131z\u0131 kolayl\u0131kla takip edin.<br \/>\nSevin\u00e7li heyecandan endi\u015feli d\u00fc\u015f\u00fcncelere kadar her duyguyu i\u00e7tenlikle ifade edin.<br \/>\nSonsuza kadar saklayaca\u011f\u0131n\u0131z \u00e7arp\u0131c\u0131 bir g\u00f6rsel ve yaz\u0131l\u0131 an\u0131 defteri olu\u015fturun.<\/p>\n<p>\u00d6zenle tasarlanm\u0131\u015f yap\u0131s\u0131, her a\u015famada size rehberlik eder:<br \/>\nBa\u015flang\u0131\u00e7: \u0130lk pozitif testin b\u00fcy\u00fcs\u00fcn\u00fc, tepkilerinizi ve yeni bir hayat\u0131n ilk f\u0131s\u0131lt\u0131lar\u0131n\u0131 yakalay\u0131n.<br \/>\nHaftal\u0131k\/\u00dc\u00e7 ayl\u0131k Takip: \u00d6nemli d\u00f6n\u00fcm noktalar\u0131n\u0131, doktor randevular\u0131n\u0131, semptomlar\u0131 ve v\u00fccut de\u011fi\u015fikliklerini kaydedin. Hi\u00e7bir ayr\u0131nt\u0131y\u0131 unutmay\u0131n.<br \/>\nKi\u015fisel D\u00fc\u015f\u00fcnceler ve Duygular: Hayalleriniz, korkular\u0131n\u0131z, bebe\u011finizle ilgili umutlar\u0131n\u0131z ve ili\u015fkilerinizdeki de\u011fi\u015fiklikler i\u00e7in ayr\u0131lm\u0131\u015f alan.<br \/>\nSon D\u00f6nem ve Do\u011fum Hikayesi: Haf\u0131zan\u0131z tazeyken, do\u011fum ve do\u011fumun inan\u0131lmaz yolculu\u011funu belgeleyin.<br \/>\nEvde Ge\u00e7irdi\u011finiz \u0130lk G\u00fcnler: O de\u011ferli, ge\u00e7ici ilk izlenimleri ve sevin\u00e7leri kaydedin.<\/p>\n<p>Duygusal Ba\u011f Kurmak \u0130\u00e7in \u00d6nemli \u00d6zellikler:<br \/>\nYarat\u0131c\u0131 \u00d6zg\u00fcrl\u00fck: Ultrason foto\u011fraflar\u0131, g\u00f6bek resimleri, bebe\u011finize yazd\u0131\u011f\u0131n\u0131z mektuplar, kolajlar ve en sevdi\u011finiz al\u0131nt\u0131lar i\u00e7in sayfalar. Kendi tarz\u0131n\u0131z\u0131 yans\u0131t\u0131n.<\/p>\n<p>E\u015finizin Kat\u0131l\u0131m\u0131: E\u015finizin d\u00fc\u015f\u00fcncelerini payla\u015fmas\u0131n\u0131 te\u015fvik edin ve bu g\u00fcnl\u00fc\u011f\u00fc ortak bir hat\u0131ra haline getirin.<br \/>\nBask\u0131 Yok, Sadece Mutluluk: Bir haftay\u0131 ka\u00e7\u0131rd\u0131n\u0131z m\u0131? Sorun de\u011fil! G\u00fcnl\u00fck size uyum sa\u011flar, tersi de\u011fil.<br \/>\n\u00dcst\u00fcn Kalite: Kal\u0131n, opak ka\u011f\u0131t m\u00fcrekkebin s\u0131zmas\u0131n\u0131 \u00f6nler. Zarif, dayan\u0131kl\u0131 kapak ve d\u00fcz ciltleme, yazmay\u0131 bir zevk haline getirir.<\/p>\n<p>Anneler neden bu g\u00fcnl\u00fc\u011f\u00fc se\u00e7iyor?<br \/>\n\u201cBunu doldurmak haftal\u0131k rit\u00fcelim haline geldi. D\u00fcr\u00fcst olmak i\u00e7in g\u00fcvenli alan\u0131md\u0131 ve \u015fimdi sahip oldu\u011fum en de\u011ferli \u015fey, \u00e7ocu\u011fumla payla\u015fmak i\u00e7in sab\u0131rs\u0131zland\u0131\u011f\u0131m bir hikaye.\u201d &#8211; Anna, yeni do\u011fan Mark&#8217;\u0131n annesi.<\/p>\n<p>M\u00fckemmel Hediye:<br \/>\nHamile bir anneye, bebek partisine veya bu inan\u0131lmaz b\u00f6l\u00fcme ba\u015flamak i\u00e7in kendinize ideal bir hediye. Bu bir g\u00fcnl\u00fckten daha fazlas\u0131; \u00e7ocu\u011funuz i\u00e7in yazaca\u011f\u0131n\u0131z ilk hikaye.<\/p>\n<p>Kendinize an\u0131lar hediye edin. Benzersiz hikayenizi bug\u00fcn yazmaya ba\u015flay\u0131n.<\/p>\n","protected":false},"featured_media":10243,"comment_status":"open","ping_status":"closed","template":"","meta":[],"product_brand":[255],"product_cat":[1274,746],"product_tag":[1428,1385,1387,1384,1337,1388,1390,1427,1429,1391,1386,1389],"class_list":{"0":"post-10244","1":"product","2":"type-product","3":"status-publish","4":"has-post-thumbnail","6":"product_brand-reading-with-nicky","7":"product_cat-aile","8":"product_cat-kisisel-gelisim","9":"product_tag-anne-adayinin-gunlugu","10":"product_tag-anneligin-dokunakli-anlari","11":"product_tag-annenin-dusunceleri","12":"product_tag-annenin-gunlugu","13":"product_tag-en-iyi-hediye","14":"product_tag-fotograf","15":"product_tag-hamile-kadin","16":"product_tag-hamilelik","17":"product_tag-hamilelik-gunlugu","18":"product_tag-ilk-dogum-gunu-partisi","19":"product_tag-pembe-ve-mavi-gunluk","20":"product_tag-sert-kapak","21":"pa_tip-b-basili","23":"first","24":"instock","25":"featured","26":"shipping-taxable","27":"purchasable","28":"product-type-simple"},"_links":{"self":[{"href":"https:\/\/nickyakademi.com.tr\/tr\/wp-json\/wp\/v2\/product\/10244","targetHints":{"allow":["GET"]}}],"collection":[{"href":"https:\/\/nickyakademi.com.tr\/tr\/wp-json\/wp\/v2\/product"}],"about":[{"href":"https:\/\/nickyakademi.com.tr\/tr\/wp-json\/wp\/v2\/types\/product"}],"replies":[{"embeddable":true,"href":"https:\/\/nickyakademi.com.tr\/tr\/wp-json\/wp\/v2\/comments?post=10244"}],"wp:featuredmedia":[{"embeddable":true,"href":"https:\/\/nickyakademi.com.tr\/tr\/wp-json\/wp\/v2\/media\/10243"}],"wp:attachment":[{"href":"https:\/\/nickyakademi.com.tr\/tr\/wp-json\/wp\/v2\/media?parent=10244"}],"wp:term":[{"taxonomy":"product_brand","embeddable":true,"href":"https:\/\/nickyakademi.com.tr\/tr\/wp-json\/wp\/v2\/product_brand?post=10244"},{"taxonomy":"product_cat","embeddable":true,"href":"https:\/\/nickyakademi.com.tr\/tr\/wp-json\/wp\/v2\/product_cat?post=10244"},{"taxonomy":"product_tag","embeddable":true,"href":"https:\/\/nickyakademi.com.tr\/tr\/wp-json\/wp\/v2\/product_tag?post=10244"}],"curies":[{"name":"wp","href":"https:\/\/api.w.org\/{rel}","templated":true}]}}