{"id":10149,"date":"2025-10-12T13:30:15","date_gmt":"2025-10-12T13:30:15","guid":{"rendered":"https:\/\/nickyakademi.com.tr\/product\/kolay-ingilizce-okuma-2-basili\/"},"modified":"2025-10-12T13:34:52","modified_gmt":"2025-10-12T13:34:52","slug":"kolay-ingilizce-okuma-2-basili","status":"publish","type":"product","link":"https:\/\/nickyakademi.com.tr\/tr\/urun\/kolay-ingilizce-okuma-2-basili\/","title":{"rendered":"Kolay \u0130ngilizce Okuma &#8211; 2, Bas\u0131l\u0131"},"content":{"rendered":"<p>Kolay Okuma Serisi: \u0130ngilizce Okumay\u0131 \u00d6\u011frenciler \u0130\u00e7in E\u011flenceli ve Korkusuz Hale Getirin!<\/p>\n<p>Ne\u015fe ve Renklerle \u0130ngilizcenin Kilidini A\u00e7\u0131n!<br \/>\nS\u0131k\u0131c\u0131 ders kitaplar\u0131ndan b\u0131kt\u0131n\u0131z m\u0131? Kolay Okuma Serisi ile tan\u0131\u015f\u0131n &#8211; Kendine g\u00fcvenerek okumaya giden e\u011flenceli yol! \u00c7ocuklar ve yeni ba\u015flayanlar i\u00e7in tasarlanan 10 seviyeli sistemimiz, \u00f6\u011frenmeyi yarat\u0131c\u0131 bir maceraya d\u00f6n\u00fc\u015ft\u00fcr\u00fcyor. Stres yok, sadece ilerleme var!<\/p>\n<p>Her Ya\u015ftan \u00d6\u011frenci Neden Seviyor?<br \/>\nKolay Ba\u015flay\u0131n, G\u00fc\u00e7l\u00fc B\u00fcy\u00fcy\u00fcn:<br \/>\n&#8211; Seviye 1: Sayfa ba\u015f\u0131na 4-5 k\u00fc\u00e7\u00fck hikaye (her biri sadece 2-3 c\u00fcmle!) + boyamak i\u00e7in e\u011flenceli bir ill\u00fcstrasyon.<br \/>\n&#8211; Seviye 2+: Hikayeler yava\u015f\u00e7a geni\u015fler (4 c\u00fcmle, sonra 5&#8230;), yeni kelimeleri do\u011fal bir \u015fekilde tan\u0131t\u0131r.<br \/>\n&#8211; Seviye 3&#8230;&#8230;<br \/>\nBunaltmadan g\u00fcven olu\u015fturmak i\u00e7in m\u00fckemmel!<\/p>\n<p>Oku ve Boya Y\u00f6ntemi:<br \/>\nHer hikayenin e\u015fle\u015fen bir resmi vard\u0131r.<br \/>\n\u00d6nce okuyun \u2192 sonra boyay\u0131n! Bu:<br \/>\n&#8211; \u00c7abay\u0131 an\u0131nda \u00f6d\u00fcllendirir<br \/>\n&#8211; Anlamay\u0131 art\u0131r\u0131r (g\u00f6rsel + metin)<br \/>\n&#8211; Pratik yapmay\u0131 oyun gibi hissettirir!<br \/>\n&#8211; Odaklanma ve ince motor becerilerini geli\u015ftirir.<\/p>\n<p>Ak\u0131ll\u0131 \u0130lerleme:<br \/>\nYeni ba\u015flayanlardan kendine g\u00fcvenen okuyuculara! Her seviye ekler:<br \/>\n&#8211; Daha uzun c\u00fcmleler<br \/>\n&#8211; Daha zengin kelime da\u011farc\u0131\u011f\u0131<br \/>\n&#8211; Daha karma\u015f\u0131k fikirler<br \/>\n&#8230;hepsi e\u011flenceli ve ula\u015f\u0131labilir tutulurken!<\/p>\n<p>\u015eunlar \u0130\u00e7in M\u00fckemmeldir:<br \/>\n&#8211; \u00c7ocuklar (5+ ya\u015f): \u0130ngilizceye nazik bir giri\u015f.<br \/>\n&#8211; Okul \u00d6\u011frencileri: S\u0131n\u0131f \u00f6\u011frenimini peki\u015ftirin.<br \/>\n&#8211; Ebeveynler: Ortak okuma \/ boyama yoluyla ba\u011f kurun.<br \/>\n&#8211; Yeti\u015fkin Yeni Ba\u015flayanlar: Okuma kayg\u0131s\u0131n\u0131n \u00fcstesinden gelin.<br \/>\n&#8211; \u00d6\u011fretmenler ve E\u011fitmenler: \u0130lgi \u00e7ekici s\u0131n\u0131f kayna\u011f\u0131!<\/p>\n<p>Neden \u0130\u015fe Yar\u0131yor?<br \/>\n&#8211; Korkuyu Azalt\u0131r: K\u00fc\u00e7\u00fck metinler g\u00fcvenli ve ba\u015far\u0131labilir hissi verir.<br \/>\n&#8211; \u00d6\u011frenme ve Yarat\u0131c\u0131l\u0131\u011f\u0131 Birle\u015ftirir: Okuma + boyama = \u00e7ifte kat\u0131l\u0131m!<br \/>\n&#8211; K\u00fc\u00e7\u00fck Kazan\u0131mlar\u0131 Kutlar: Her bitmi\u015f hikaye + renkli resim = bir g\u00fcven art\u0131\u015f\u0131!<br \/>\n&#8211; Aile Dostu: Ekrana gerek yok &#8211; sadece kalemler ve hayal g\u00fcc\u00fc!<\/p>\n<p>\u00d6zg\u00fcvenli \u0130ngilizce Hediyesi Verin!<br \/>\n\u0130ster \u00e7ocu\u011funuz, ister \u00f6\u011frencileriniz, ister kendiniz i\u00e7in olsun, Kolay Okuma Serisi \u201cyapamam \u201d\u0131 \u201cba\u015fard\u0131m \u201da d\u00f6n\u00fc\u015ft\u00fcr\u00fcr! Seviye 1 ile ba\u015flay\u0131n ve ak\u0131c\u0131l\u0131\u011fa giden yolu renklendirin.<\/p>\n<p>Kolay, e\u011flenceli \u0130ngilizceye haz\u0131r m\u0131s\u0131n\u0131z?<br \/>\nKolay Okuma Serisini bug\u00fcn ke\u015ffedin!<\/p>\n<p>Kolay Okuma Serisi, \u0130ngilizce \u00d6\u011frenenler \u0130\u00e7in, \u0130ngilizce \u00d6\u011fren, \u0130ngilizce Okuma, \u00c7ocuk \u0130ngilizcesi, \u0130ngilizce, Yeni Ba\u015flayanlar \u0130\u00e7in, Boyama Kitaplar\u0131, E\u011fitim T\u00fcrkiye, \u0130ngilizce \u00d6\u011frenimi Okuma, Okuma Prati\u011fi, \u00d6\u011fretmen Kaynaklar\u0131, Ebeveynlik \u0130pu\u00e7lar\u0131 T\u00fcrkiye<\/p>\n<p>\u0130ngilizce \u00d6\u011frenenler i\u00e7in Temel D\u00fczenlemeler:<br \/>\nHedef Kitleden A\u00e7\u0131k\u00e7a Bahsedilmesi: A\u00e7\u0131k\u00e7a belirtilmi\u015f \u201c\u0130ngilizce \u00f6\u011frenenler i\u00e7in m\u00fckemmel\u201d, \u201c\u00c7ocuklar\u0131n E\u011fitimi i\u00e7in \u0130deal\u201d.<br \/>\nEvrensel \u0130ngilizce: Basit, k\u00fcresel olarak anla\u015f\u0131lan terimler kullan\u0131ld\u0131 (deyimlerden ka\u00e7\u0131n\u0131ld\u0131).<br \/>\n\u00d6\u011fretmen Odakl\u0131l\u0131k: E\u011fitimciler i\u00e7in de\u011fer vurgulanm\u0131\u015ft\u0131r (\u201c\u00d6\u011fretmenler ve E\u011fitmenler\u201d, \u201cS\u0131n\u0131f kayna\u011f\u0131\u201d).<br \/>\nK\u00fclt\u00fcrel Uygunluk: Bir\u00e7ok evde \u00f6nemli olan \u201caile dostu\u201d, \u201cekran yok\u201d ve \u201cba\u011f kurma\u201d de\u011ferlerine vurgu yap\u0131ld\u0131.<\/p>\n","protected":false},"excerpt":{"rendered":"<p>\u0130ndirmek veya bas\u0131l\u0131 sat\u0131n almak i\u00e7in 32 Sayfa. A4.<\/p>\n<p>Seviye 2 &#8211; Kelime Sallananlar<\/p>\n<p>Ad\u0131m ad\u0131m \u0130ngilizce \u00f6\u011frenin! 10 e\u011flenceli seviye: S\u00fcper k\u0131sa hikayelerle ba\u015flay\u0131n (3-4 c\u00fcmle + boyama resmi) ve kendinden emin okumaya kadar b\u00fcy\u00fcy\u00fcn. Her sayfada 4-5 mini hikaye vard\u0131r.<\/p>\n<p>Oku \u2192 Renk \u2192 Tekrarla!<\/p>\n<p>\u00c7ocuklar ve yeni ba\u015flayanlar i\u00e7in m\u00fckemmel. Karma\u015f\u0131kl\u0131k her seviyede yava\u015f\u00e7a artar. Birlikte beceri, ne\u015fe ve yarat\u0131c\u0131l\u0131k geli\u015ftirin! T\u00fcrk\u00e7e \u00f6\u011frenenler i\u00e7in ideal. Stressiz \u0130ngilizce yolculu\u011funuza bug\u00fcn ba\u015flay\u0131n!<\/p>\n<p>\u0130ndirmek veya bas\u0131l\u0131 sat\u0131n almak i\u00e7in 32 Sayfa.<\/p>\n","protected":false},"featured_media":8582,"comment_status":"open","ping_status":"closed","template":"","meta":[],"product_brand":[255],"product_cat":[725,1098],"product_tag":[1396,1401,1399,1398,1397,1269,1394,1395,1392,1393,1400,1270,1271],"class_list":{"0":"post-10149","1":"product","2":"type-product","3":"status-publish","4":"has-post-thumbnail","6":"product_brand-reading-with-nicky","7":"product_cat-okuma","8":"product_cat-daha-fazla-okumaa","9":"product_tag-cocuk-ingilizcesi-tr","10":"product_tag-ebeveynlik-ipuclari-tr","11":"product_tag-egitim-turkiye-tr","12":"product_tag-icin-tr","13":"product_tag-ingilizce-tr","14":"product_tag-ingilizce-ogrenimi-okuma-tr","15":"product_tag-ingilizce-ogrenin-tr","16":"product_tag-ingilizce-okuma-tr","17":"product_tag-kolay-okuma-serisi-tr","18":"product_tag-ogrenciler-icin-ingilizce-tr","19":"product_tag-ogretmen-kaynaklari-tr","20":"product_tag-okuma-pratigi-tr","21":"product_tag-turkiye-tr","22":"pa_tip-b-basili","24":"first","25":"instock","26":"featured","27":"shipping-taxable","28":"purchasable","29":"product-type-simple"},"_links":{"self":[{"href":"https:\/\/nickyakademi.com.tr\/tr\/wp-json\/wp\/v2\/product\/10149","targetHints":{"allow":["GET"]}}],"collection":[{"href":"https:\/\/nickyakademi.com.tr\/tr\/wp-json\/wp\/v2\/product"}],"about":[{"href":"https:\/\/nickyakademi.com.tr\/tr\/wp-json\/wp\/v2\/types\/product"}],"replies":[{"embeddable":true,"href":"https:\/\/nickyakademi.com.tr\/tr\/wp-json\/wp\/v2\/comments?post=10149"}],"wp:featuredmedia":[{"embeddable":true,"href":"https:\/\/nickyakademi.com.tr\/tr\/wp-json\/wp\/v2\/media\/8582"}],"wp:attachment":[{"href":"https:\/\/nickyakademi.com.tr\/tr\/wp-json\/wp\/v2\/media?parent=10149"}],"wp:term":[{"taxonomy":"product_brand","embeddable":true,"href":"https:\/\/nickyakademi.com.tr\/tr\/wp-json\/wp\/v2\/product_brand?post=10149"},{"taxonomy":"product_cat","embeddable":true,"href":"https:\/\/nickyakademi.com.tr\/tr\/wp-json\/wp\/v2\/product_cat?post=10149"},{"taxonomy":"product_tag","embeddable":true,"href":"https:\/\/nickyakademi.com.tr\/tr\/wp-json\/wp\/v2\/product_tag?post=10149"}],"curies":[{"name":"wp","href":"https:\/\/api.w.org\/{rel}","templated":true}]}}